



{"id":606,"date":"2015-04-20T07:12:40","date_gmt":"2015-04-20T07:12:40","guid":{"rendered":"http:\/\/xn--80aaxusgfg.com\/?page_id=606"},"modified":"2026-03-24T11:30:04","modified_gmt":"2026-03-24T10:30:04","slug":"661-2","status":"publish","type":"page","link":"https:\/\/xn--80aaxusgfg.com\/?page_id=606","title":{"rendered":"\u0414\u0430\u0440\u044b \u0441\u0435\u0440\u0434\u0446\u0430 \u043d\u0430 \u043f\u043e\u043c\u043e\u0449\u044c \u0441\u0430\u0439\u0442\u0443: www.faustyna.pl"},"content":{"rendered":"<h3 style=\"text-align: center\"><\/h3>\n<h3 style=\"text-align: center\"><span style=\"color: #800000\"><b><span style=\"text-decoration: underline\">1. \u0414\u0430\u0440\u044b \u0441\u0435\u0440\u0434\u0446\u0430 \u043d\u0430 \u043f\u043e\u043c\u043e\u0449\u044c \u0441\u0430\u0439\u0442\u0443:<br \/>\n<\/span><\/b><\/span><a href=\"https:\/\/www.faustyna.pl\/\"><b>www<\/b><b>.<\/b><b>faustyna<\/b><b>.<\/b><b>pl<\/b><\/a><b><\/b><\/h3>\n<p style=\"text-align: justify\"><a href=\"https:\/\/xn--80aaxusgfg.com\/wp-content\/uploads\/sites\/6\/2020\/05\/Obraz-Oliver-Peters-z-Pixabay.jpg\" data-gallery><img loading=\"lazy\" decoding=\"async\" class=\"aligncenter wp-image-7097 size-medium\" src=\"https:\/\/xn--80aaxusgfg.com\/wp-content\/uploads\/sites\/6\/2020\/05\/Obraz-Oliver-Peters-z-Pixabay-560x332.jpg\" alt=\"\" width=\"560\" height=\"332\" srcset=\"https:\/\/xn--80aaxusgfg.com\/wp-content\/uploads\/sites\/6\/2020\/05\/Obraz-Oliver-Peters-z-Pixabay-560x332.jpg 560w, https:\/\/xn--80aaxusgfg.com\/wp-content\/uploads\/sites\/6\/2020\/05\/Obraz-Oliver-Peters-z-Pixabay-140x83.jpg 140w, https:\/\/xn--80aaxusgfg.com\/wp-content\/uploads\/sites\/6\/2020\/05\/Obraz-Oliver-Peters-z-Pixabay.jpg 1024w\" sizes=\"auto, (max-width: 560px) 100vw, 560px\" \/><\/a>C\u043b\u0443\u0436\u0430\u0449\u0435\u043c\u0443 \u0440\u0430\u0441\u043f\u0440\u043e\u0441\u0442\u0440\u0430\u043d\u0435\u043d\u0438\u044e \u043f\u043e\u0447\u0438\u0442\u0430\u043d\u0438\u044f \u0411\u043e\u0436\u044c\u0435\u0433\u043e \u041c\u0438\u043b\u043e\u0441\u0435\u0440\u0434\u0438\u044f \u0438 \u0432\u0441\u0435\u0433\u043e \u043f\u043e\u0441\u043b\u0430\u043d\u0438\u044f, \u043f\u0435\u0440\u0435\u0434\u0430\u043d\u043d\u043e\u0433\u043e \u0413\u043e\u0441\u043f\u043e\u0434\u043e\u043c \u0418\u0438\u0441\u0443\u0441\u043e\u043c \u0441\u0432. \u0421\u0435\u0441\u0442\u0440\u0435 \u0424\u0430\u0443\u0441\u0442\u0438\u043d\u0435, \u0434\u0435\u043d\u044c\u0433\u0438 \u043c\u043e\u0436\u043d\u043e \u0432\u043d\u0435\u0441\u0442\u0438 \u043d\u0430 \u0441\u0447\u0451\u0442:<\/p>\n<p><strong>ZGROMADZENIE SI\u00d3STR MATKI BO\u017bEJ MI\u0141OSIERDZIA<\/strong><br \/>\n<strong>\u041a\u043e\u043d\u0433\u0440\u0435\u0433\u0430\u0446\u0438\u044f \u0411\u043e\u0436\u044c\u0435\u0439 \u041c\u0430\u0442\u0435\u0440\u0438 \u041c\u0438\u043b\u043e\u0441\u0435\u0440\u0434\u0438\u044f<\/strong><\/p>\n<p align=\"left\">ul \u017bytnia 3\/9<br \/>\n01-014 Warszawa<br \/>\nPolska<\/p>\n<p align=\"left\"><span style=\"color: #000000\"><strong>\u041d\u0430 \u0441\u0447\u0435\u0442\u0443:<\/strong><\/span><\/p>\n<p align=\"left\"><strong>PL 92 1020 1013 0000 0202 0003 0155<\/strong><br \/>\nKodBIC (SWIFT): <strong>BPKOPLPW<\/strong><\/p>\n<p style=\"text-align: left\" align=\"left\"><b>C \u043f\u0440\u0438\u043f\u0438\u0441\u043a\u043e\u0439:\u00a0 <em><span style=\"color: #800000\">\u0414\u0430\u0440 \u043d\u0430 \u043f\u043e\u043c\u043e\u0449\u044c<\/span> <\/em><\/b><em><span style=\"color: #800000\"><a style=\"color: #800000\" href=\"https:\/\/www.faustyna.pl\/\"><b>www<\/b><b>.<\/b><b>faustyna<\/b><b>.<\/b><b>pl<\/b><\/a><br \/>\n<\/span><\/em><\/p>\n<h3 style=\"text-align: center\" align=\"left\"><span style=\"text-decoration: underline\"><span style=\"color: #800000\"><b><br \/>\n2. <strong><u>\u041f\u043e\u0434\u0434\u0435\u0440\u0436\u043a\u0430 \u043e\u043d\u043b\u0430\u0439\u043d-\u0442\u0440\u0430\u043d\u0441\u043b\u044f\u0446\u0438\u0439 \u0438 \u043c\u043e\u043d\u0430\u0441\u0442\u044b\u0440\u044f \u0421\u0430\u043d\u043a\u0442\u0443\u0430\u0440\u0438\u044f \u0411\u043e\u0436\u044c\u0435\u0433\u043e \u041c\u0438\u043b\u043e\u0441\u0435\u0440\u0434\u0438\u044f \u0432 \u041a\u0440\u0430\u043a\u043e\u0432\u0435-\u041b\u0430\u0433\u0435\u0432\u043d\u0438\u043a\u0430\u0445<\/u><\/strong><\/b><\/span><\/span><b><\/b><\/h3>\n<p style=\"text-align: justify\"><a href=\"https:\/\/xn--80aaxusgfg.com\/wp-content\/uploads\/sites\/6\/2020\/05\/TVP3.jpg\" data-gallery><img loading=\"lazy\" decoding=\"async\" class=\"aligncenter wp-image-7102 size-medium\" src=\"https:\/\/xn--80aaxusgfg.com\/wp-content\/uploads\/sites\/6\/2020\/05\/TVP3-560x330.jpg\" alt=\"\" width=\"560\" height=\"330\" srcset=\"https:\/\/xn--80aaxusgfg.com\/wp-content\/uploads\/sites\/6\/2020\/05\/TVP3-560x330.jpg 560w, https:\/\/xn--80aaxusgfg.com\/wp-content\/uploads\/sites\/6\/2020\/05\/TVP3-140x82.jpg 140w, https:\/\/xn--80aaxusgfg.com\/wp-content\/uploads\/sites\/6\/2020\/05\/TVP3.jpg 1024w\" sizes=\"auto, (max-width: 560px) 100vw, 560px\" \/><\/a>\u0414\u0430\u0440\u044b \u0441\u0435\u0440\u0434\u0446\u0430 \u043d\u0430 \u043f\u043e\u0434\u0434\u0435\u0440\u0436\u043a\u0443 \u043e\u043d\u043b\u0430\u0439\u043d-\u0442\u0440\u0430\u043d\u0441\u043b\u044f\u0446\u0438\u0438 \u0438\u0437 \u0447\u0430\u0441\u043e\u0432\u043d\u0438 \u0441 \u043f\u0440\u043e\u0441\u043b\u0430\u0432\u043b\u0435\u043d\u043d\u044b\u043c \u0431\u043b\u0430\u0433\u043e\u0434\u0430\u0442\u044f\u043c\u0438 \u043e\u0431\u0440\u0430\u0437\u043e\u043c \u041c\u0438\u043b\u043e\u0441\u0435\u0440\u0434\u043d\u043e\u0433\u043e \u0418\u0438\u0441\u0443\u0441\u0430 \u0438 \u0433\u0440\u043e\u0431\u043e\u043c \u0441\u0432. \u0421\u0435\u0441\u0442\u0440\u044b \u0424\u0430\u0443\u0441\u0442\u0438\u043d\u044b \u0432 \u0421\u0432\u044f\u0442\u0438\u043b\u0438\u0449\u0435 \u0411\u043e\u0436\u044c\u0435\u0433\u043e \u041c\u0438\u043b\u043e\u0441\u0435\u0440\u0434\u0438\u044f \u0432 \u041a\u0440\u0430\u043a\u043e\u0432\u0435-\u041b\u0430\u0433\u0435\u0432\u043d\u0438\u043a\u0430\u0445, \u043a\u043e\u0442\u043e\u0440\u043e\u0439 \u043c\u043e\u0436\u043d\u043e \u043f\u043e\u043b\u044c\u0437\u043e\u0432\u0430\u0442\u044c\u0441\u044f \u043d\u0430 \u0441\u0430\u0439\u0442\u0430\u0445: <a href=\"http:\/\/www.faustyna.pl\">www.faustyna.pl<\/a>, <a href=\"http:\/\/www.sanktuarium.faustyna.pl\">www.sanktuarium.faustyna.pl<\/a>, \u0430 \u0442\u0430\u043a\u0436\u0435 \u0432 \u043f\u0440\u0438\u043b\u043e\u0436\u0435\u043d\u0438\u0438: Faustyna.pl (android \u0438 iOS), \u0438 \u043d\u0430 \u043f\u043e\u0442\u0440\u0435\u0431\u043d\u043e\u0441\u0442\u0438 \u043c\u043e\u043d\u0430\u0441\u0442\u044b\u0440\u044f \u041a\u043e\u043d\u0433\u0440\u0435\u0433\u0430\u0446\u0438\u0438 \u0421\u0435\u0441\u0442\u0451\u0440 \u0411\u043e\u0436\u044c\u0435\u0439 \u041c\u0430\u0442\u0435\u0440\u0438 \u041c\u0438\u043b\u043e\u0441\u0435\u0440\u0434\u0438\u044f.<\/p>\n<p><strong>\u0414\u0435\u043d\u044c\u0433\u0438 \u043c\u043e\u0436\u043d\u043e \u0432\u043d\u0435\u0441\u0442\u0438 \u043d\u0430 \u0441\u0447\u0451\u0442:<\/strong><\/p>\n<p><span style=\"color: #000000\"><strong>Zgromadzenie Si\u00f3str Matki Bo\u017cej Mi\u0142osierdzia<br \/>\nDom Zakonny w Krakowie<br \/>\n<\/strong><\/span><br \/>\nul. Siostry Faustyny 3<br \/>\n30-608 Krak\u00f3w<strong><br \/>\n<\/strong>Polska<\/p>\n<p><strong>Bank BG\u017b BNP Paribas S. A.<br \/>\n<\/strong>ul. Kasprzaka 10\/16<br \/>\n01-211 Warszawa<br \/>\nPolska<\/p>\n<p><strong>\u041d\u043e\u043c\u0435\u0440 \u0441\u0447\u0435\u0442\u0430<\/strong>:<\/p>\n<p>80 1600 1013 0002 0012 3671 2001 \u2013 PLN<br \/>\n73 1600 1013 0002 0012 3671 2030 \u2013 EUR<br \/>\n41 1600 1013 0002 0012 3671 2024 \u2013 USD<\/p>\n<p>Kod BIC (SWIFT): PPABPLPK<\/p>\n<p>IBAN: PL<\/p>\n<p><strong>\u0421 \u043f\u0440\u0438\u043f\u0438\u0441\u043a\u043e\u0439:<\/strong> <span style=\"color: #800000\"><strong><em>\u0422\u0440\u0430\u043d\u0441\u043b\u044f\u0446\u0438\u044f \u043e\u043d\u043b\u0430\u0439\u043d <\/em><\/strong><\/span><strong><em>.<\/em><\/strong><\/p>\n<h3 style=\"text-align: center\"><span style=\"color: #800000\"><strong><u><br \/>\n3. \u041f\u043e\u0434\u0434\u0435\u0440\u0436\u043a\u0430 \u0440\u0435\u043d\u043e\u0432\u0430\u0446\u0438\u0438 \u0438 \u0440\u0430\u0441\u0448\u0438\u0440\u0435\u043d\u0438\u044f \u0421\u0430\u043d\u043a\u0442\u0443\u0430\u0440\u0438\u044f \u0432 \u041b\u0430\u0433\u0435\u0432\u043d\u0438\u043a\u0430\u0445<\/u><\/strong><\/span><\/h3>\n<p><a href=\"https:\/\/xn--80aaxusgfg.com\/wp-content\/uploads\/sites\/6\/2020\/05\/Sanktuarium-BM-w-Krakowie-Lagiewnikach-foto-M-Karnecki.jpg\" data-gallery><img loading=\"lazy\" decoding=\"async\" class=\"aligncenter wp-image-7060 size-medium\" src=\"https:\/\/xn--80aaxusgfg.com\/wp-content\/uploads\/sites\/6\/2020\/05\/Sanktuarium-BM-w-Krakowie-Lagiewnikach-foto-M-Karnecki-560x330.jpg\" alt=\"\" width=\"560\" height=\"330\" srcset=\"https:\/\/xn--80aaxusgfg.com\/wp-content\/uploads\/sites\/6\/2020\/05\/Sanktuarium-BM-w-Krakowie-Lagiewnikach-foto-M-Karnecki-560x330.jpg 560w, https:\/\/xn--80aaxusgfg.com\/wp-content\/uploads\/sites\/6\/2020\/05\/Sanktuarium-BM-w-Krakowie-Lagiewnikach-foto-M-Karnecki-140x83.jpg 140w, https:\/\/xn--80aaxusgfg.com\/wp-content\/uploads\/sites\/6\/2020\/05\/Sanktuarium-BM-w-Krakowie-Lagiewnikach-foto-M-Karnecki.jpg 1024w\" sizes=\"auto, (max-width: 560px) 100vw, 560px\" \/><\/a>\u0414\u0430\u0440\u044b \u0441\u0435\u0440\u0434\u0446\u0430 \u043d\u0430 \u043f\u043e\u043c\u043e\u0449\u044c \u0432 \u0440\u0435\u043d\u043e\u0432\u0430\u0446\u0438\u0438 \u0438 \u0440\u0430\u0441\u0448\u0438\u0440\u0435\u043d\u0438\u0438 \u0421\u0430\u043d\u043a\u0442\u0443\u0430\u0440\u0438\u044f \u0432 \u041b\u0430\u0433\u0435\u0432\u043d\u0438\u043a\u0430\u0445.<\/p>\n<p><span style=\"color: #000000\"><strong>Zgromadzenie Si\u00f3str Matki Bo\u017cej Mi\u0142osierdzia<br \/>\nDom Zakonny w Krakowie<\/strong><\/span><\/p>\n<p>ul. Siostry Faustyny 3<br \/>\n30-608 Krak\u00f3w<br \/>\nPolska<\/p>\n<p><strong>BNP Paribas Bank Polska S. A.<\/strong><\/p>\n<p>Oddzia\u0142 w Krakowie<br \/>\nul. Armii Krajowej 28<br \/>\n30-150 Krak\u00f3w<br \/>\nPolska<\/p>\n<p><strong>\u041d\u043e\u043c\u0435\u0440 \u0441\u0447\u0435\u0442\u0430<\/strong>:<br \/>\n34\u00a01600 1013 0002 0012 3671 2150 \u2013 PLN<br \/>\n46 1600 1013 0002 0012 3671 2031 \u2013 EUR<br \/>\n41 1600 1013 0002 0012 3671 2024 \u2013 USD<\/p>\n<p>Kod BIC (SWIFT): PPABPLPK<\/p>\n<p>IBAN: PL<\/p>\n<p><strong>\u0421 \u043f\u0440\u0438\u043f\u0438\u0441\u043a\u043e\u0439:<\/strong> <span style=\"color: #800000\"><strong><em>\u0420\u0435\u043d\u043e\u0432\u0430\u0446\u0438\u044f <\/em><\/strong><\/span>\u0438\u043b\u0438 <strong><em><span style=\"color: #800000\">\u0420\u0430\u0441\u0448\u0438\u0440\u0435\u043d\u0438\u0435 \u0421\u0430\u043d\u043a\u0442\u0443\u0430\u0440\u0438\u044f<\/span>.<\/em><\/strong><\/p>\n<h3 style=\"text-align: center\" align=\"left\"><span style=\"color: #800000\"><br \/>\n4. <span style=\"text-decoration: underline\"><strong>\u041f\u043e\u0434\u0434\u0435\u0440\u0436\u043a\u0430 \u0441\u0442\u0440\u043e\u0438\u0442\u0435\u043b\u044c\u0441\u0442\u0432\u0430 \u0441\u0432\u044f\u0442\u0438\u043b\u0438\u0449\u0430<br \/>\n\u0411\u043e\u0436\u044c\u0435\u0433\u043e \u041c\u0438\u043b\u043e\u0441\u0435\u0440\u0434\u0438\u044f \u0432 \u041f\u043b\u043e\u0446\u043a\u0435<\/strong><\/span><\/span><\/h3>\n<p><a href=\"https:\/\/xn--80aaxusgfg.com\/wp-content\/uploads\/sites\/6\/2026\/03\/sanktuarium_Plock.jpg\" data-gallery><img loading=\"lazy\" decoding=\"async\" class=\"size-medium wp-image-13731 alignnone\" src=\"https:\/\/xn--80aaxusgfg.com\/wp-content\/uploads\/sites\/6\/2026\/03\/sanktuarium_Plock-560x333.jpg\" alt=\"\" width=\"560\" height=\"333\" srcset=\"https:\/\/xn--80aaxusgfg.com\/wp-content\/uploads\/sites\/6\/2026\/03\/sanktuarium_Plock-560x333.jpg 560w, https:\/\/xn--80aaxusgfg.com\/wp-content\/uploads\/sites\/6\/2026\/03\/sanktuarium_Plock-140x83.jpg 140w, https:\/\/xn--80aaxusgfg.com\/wp-content\/uploads\/sites\/6\/2026\/03\/sanktuarium_Plock-768x457.jpg 768w, https:\/\/xn--80aaxusgfg.com\/wp-content\/uploads\/sites\/6\/2026\/03\/sanktuarium_Plock.jpg 1024w\" sizes=\"auto, (max-width: 560px) 100vw, 560px\" \/><\/a><\/p>\n<p><strong>ZGROMADZENIE SI\u00d3STR MATKI BO\u017bEJ MI\u0141OSIERDZIA<br \/>\n\u041a\u043e\u043d\u0433\u0440\u0435\u0433\u0430\u0446\u0438\u044f \u0411\u043e\u0436\u044c\u0435\u0439 \u041c\u0430\u0442\u0435\u0440\u0438 \u041c\u0438\u043b\u043e\u0441\u0435\u0440\u0434\u0438\u044f<\/strong><\/p>\n<p>Stary Rynek 14\/18<br \/>\n09-404 P\u0142ock<br \/>\nPolska<\/p>\n<p>Bank PEKAO SA<br \/>\nI O w P\u0142ocku<br \/>\nul. Kolegialna 14a<\/p>\n<p>KOD SWIFT: PKOPPLPW<\/p>\n<p>PLN Numer IBAN: 72 1240 3174 1111 0000 2890 0836<br \/>\nUSD Numer IBAN: 56 1240 3174 1787 0010 1057 7746<br \/>\nEUR Numer IBAN: 28 1240 3174 1978 0010 1057 7818<\/p>\n<p align=\"left\">&#8212;&#8212;&#8212;&#8212;&#8212;&#8212;&#8212;&#8212;&#8212;&#8212;&#8212;&#8212;&#8212;&#8212;<\/p>\n<p style=\"text-align: justify\">\u0421\u043f\u0430\u0441\u0438\u0431\u043e \u0437\u0430 \u0434\u0430\u0440\u044b \u0432\u043d\u0435\u0441\u0451\u043d\u043d\u044b\u0435 \u043d\u0430 \u0446\u0435\u043b\u0438 \u0440\u0435\u043b\u0438\u0433\u0438\u043e\u0437\u043d\u043e\u0433\u043e \u043a\u0443\u043b\u044c\u0442\u0430, \u043d\u0430 \u043f\u043e\u0434\u0434\u0435\u0440\u0436\u043a\u0443 \u0441\u0430\u0439\u0442\u0430 faustyna.pl, \u0430 \u0442\u0430\u043a\u0436\u0435 \u0442\u0440\u0430\u043d\u0441\u043b\u044f\u0446\u0438\u0438 \u043e\u043d\u043b\u0430\u0439\u043d, \u0431\u043b\u0430\u0433\u043e\u0434\u0430\u0440\u044f \u043a\u043e\u0442\u043e\u0440\u043e\u0439 \u043a\u0440\u0443\u0433\u043b\u044b\u0435 \u0441\u0443\u0442\u043a\u0438 \u043c\u043e\u0436\u043d\u043e \u043f\u043e\u0441\u0435\u0449\u0430\u0442\u044c \u0447\u0443\u0434\u043e\u0442\u0432\u043e\u0440\u043d\u044b\u0439 \u043e\u0431\u0440\u0430\u0437 \u041c\u0438\u043b\u043e\u0441\u0435\u0440\u0434\u043d\u043e\u0433\u043e \u0418\u0438\u0441\u0443\u0441\u0430 \u0438 \u043f\u0440\u043e\u0441\u0438\u0442\u044c \u043e \u0437\u0430\u0441\u0442\u0443\u043f\u043d\u0438\u0447\u0435\u0441\u0442\u0432\u0435 \u0441\u0432. \u0421\u0435\u0441\u0442\u0440\u0443 \u0424\u0430\u0443\u0441\u0442\u0438\u043d\u0443, \u043c\u043e\u043b\u0438\u0442\u044c\u0441\u044f \u0432\u043c\u0435\u0441\u0442\u0435 \u0441 \u0441\u0451\u0441\u0442\u0440\u0430\u043c\u0438 \u0411\u043e\u0436\u044c\u0435\u0439 \u041c\u0430\u0442\u0435\u0440\u0438 \u041c\u0438\u043b\u043e\u0441\u0435\u0440\u0434\u0438\u044f \u0438 \u043f\u0430\u043b\u043e\u043c\u043d\u0438\u043a\u0430\u043c\u0438. \u0421 2 \u0444\u0435\u0432\u0440\u0430\u043b\u044f 2015 \u0433\u043e\u0434\u0430 \u0442\u0440\u0430\u043d\u0441\u043b\u044f\u0446\u0438\u044e \u043c\u043e\u0436\u043d\u043e \u043d\u0430\u0439\u0442\u0438 \u0432\u043e \u0432\u0441\u0435\u0445 \u043f\u043e\u0438\u0441\u043a\u043e\u0432\u044b\u0445 \u0441\u0438\u0441\u0442\u0435\u043c\u0430\u0445 \u0418\u043d\u0442\u0435\u0440\u043d\u0435\u0442\u0430, \u0441\u043c\u0430\u0440\u0442\u0444\u043e\u043d\u0430\u0445 \u0438 \u043f\u043b\u0430\u043d\u0448\u0435\u0442\u0430\u0445. \u041f\u043e\u044d\u0442\u043e\u043c\u0443 \u043f\u0440\u043e\u0441\u0438\u043c \u043e \u043f\u043e\u0434\u0434\u0435\u0440\u0436\u043a\u0435 \u044d\u0442\u043e\u0433\u043e \u043f\u0440\u043e\u0435\u043a\u0442\u0430. \u0417\u0430 \u0432\u0441\u0435\u0445 \u0431\u043b\u0430\u0433\u043e\u0434\u0435\u0442\u0435\u043b\u0435\u0439 \u0438 \u0436\u0435\u0440\u0442\u0432\u043e\u0432\u0430\u0442\u0435\u043b\u0435\u0439 \u0441\u0451\u0441\u0442\u0440\u044b \u043c\u043e\u043b\u044f\u0442\u0441\u044f \u0435\u0436\u0435\u0434\u043d\u0435\u0432\u043d\u043e, \u043e\u0441\u043e\u0431\u0435\u043d\u043d\u043e \u0432 \u0427\u0430\u0441 \u041c\u0438\u043b\u043e\u0441\u0435\u0440\u0434\u0438\u044f, \u043f\u043e\u0440\u0443\u0447\u0430\u044f \u041c\u0438\u043b\u043e\u0441\u0435\u0440\u0434\u043d\u043e\u043c\u0443 \u0418\u0438\u0441\u0443\u0441\u0443, \u043e\u043f\u0435\u043a\u0435 \u0411\u043e\u0436\u044c\u0435\u0439 \u041c\u0430\u0442\u0435\u0440\u0438 \u041c\u0438\u043b\u043e\u0441\u0435\u0440\u0434\u0438\u044f \u0438 \u0437\u0430\u0441\u0442\u0443\u043f\u043d\u0438\u0447\u0435\u0441\u0442\u0432\u0443 \u0441\u0432. \u0421\u0435\u0441\u0442\u0440\u044b \u0424\u0430\u0443\u0441\u0442\u0438\u043d\u044b.<\/p>\n","protected":false},"excerpt":{"rendered":"<p>1. \u0414\u0430\u0440\u044b \u0441\u0435\u0440\u0434\u0446\u0430 \u043d\u0430 \u043f\u043e\u043c\u043e\u0449\u044c \u0441\u0430\u0439\u0442\u0443: www.faustyna.pl C\u043b\u0443\u0436\u0430\u0449\u0435\u043c\u0443 \u0440\u0430\u0441\u043f\u0440\u043e\u0441\u0442\u0440\u0430\u043d\u0435\u043d\u0438\u044e \u043f\u043e\u0447\u0438\u0442\u0430\u043d\u0438\u044f \u0411\u043e\u0436\u044c\u0435\u0433\u043e \u041c\u0438\u043b\u043e\u0441\u0435\u0440\u0434\u0438\u044f \u0438 \u0432\u0441\u0435\u0433\u043e \u043f\u043e\u0441\u043b\u0430\u043d\u0438\u044f, \u043f\u0435\u0440\u0435\u0434\u0430\u043d\u043d\u043e\u0433\u043e \u0413\u043e\u0441\u043f\u043e\u0434\u043e\u043c \u0418\u0438\u0441\u0443\u0441\u043e\u043c \u0441\u0432. \u0421\u0435\u0441\u0442\u0440\u0435 \u0424\u0430\u0443\u0441\u0442\u0438\u043d\u0435, \u0434\u0435\u043d\u044c\u0433\u0438 \u043c\u043e\u0436\u043d\u043e \u0432\u043d\u0435\u0441\u0442\u0438 \u043d\u0430 \u0441\u0447\u0451\u0442: ZGROMADZENIE SI\u00d3STR MATKI BO\u017bEJ MI\u0141OSIERDZIA \u041a\u043e\u043d\u0433\u0440\u0435\u0433\u0430\u0446\u0438\u044f \u0411\u043e\u0436\u044c\u0435\u0439 \u041c\u0430\u0442\u0435\u0440\u0438 \u041c\u0438\u043b\u043e\u0441\u0435\u0440\u0434\u0438\u044f ul \u017bytnia 3\/9 01-014 Warszawa Polska \u041d\u0430 \u0441\u0447\u0435\u0442\u0443: PL 92 1020 1013 0000 0202 0003 0155 KodBIC (SWIFT): BPKOPLPW C [&hellip;]<\/p>\n","protected":false},"author":1,"featured_media":0,"parent":0,"menu_order":0,"comment_status":"closed","ping_status":"closed","template":"","meta":{"footnotes":""},"categories":[80],"tags":[],"class_list":["post-606","page","type-page","status-publish","hentry","category-wsparcie"],"_links":{"self":[{"href":"https:\/\/xn--80aaxusgfg.com\/index.php?rest_route=\/wp\/v2\/pages\/606","targetHints":{"allow":["GET"]}}],"collection":[{"href":"https:\/\/xn--80aaxusgfg.com\/index.php?rest_route=\/wp\/v2\/pages"}],"about":[{"href":"https:\/\/xn--80aaxusgfg.com\/index.php?rest_route=\/wp\/v2\/types\/page"}],"author":[{"embeddable":true,"href":"https:\/\/xn--80aaxusgfg.com\/index.php?rest_route=\/wp\/v2\/users\/1"}],"replies":[{"embeddable":true,"href":"https:\/\/xn--80aaxusgfg.com\/index.php?rest_route=%2Fwp%2Fv2%2Fcomments&post=606"}],"version-history":[{"count":28,"href":"https:\/\/xn--80aaxusgfg.com\/index.php?rest_route=\/wp\/v2\/pages\/606\/revisions"}],"predecessor-version":[{"id":13732,"href":"https:\/\/xn--80aaxusgfg.com\/index.php?rest_route=\/wp\/v2\/pages\/606\/revisions\/13732"}],"wp:attachment":[{"href":"https:\/\/xn--80aaxusgfg.com\/index.php?rest_route=%2Fwp%2Fv2%2Fmedia&parent=606"}],"wp:term":[{"taxonomy":"category","embeddable":true,"href":"https:\/\/xn--80aaxusgfg.com\/index.php?rest_route=%2Fwp%2Fv2%2Fcategories&post=606"},{"taxonomy":"post_tag","embeddable":true,"href":"https:\/\/xn--80aaxusgfg.com\/index.php?rest_route=%2Fwp%2Fv2%2Ftags&post=606"}],"curies":[{"name":"wp","href":"https:\/\/api.w.org\/{rel}","templated":true}]}}