



{"id":552,"date":"2015-04-20T06:51:03","date_gmt":"2015-04-20T06:51:03","guid":{"rendered":"http:\/\/xn--80aaxusgfg.com\/?page_id=552"},"modified":"2021-09-11T23:24:22","modified_gmt":"2021-09-11T21:24:22","slug":"185-2","status":"publish","type":"page","link":"https:\/\/xn--80aaxusgfg.com\/?page_id=552","title":{"rendered":"\u0414\u043e\u043c\u0430 \u0434\u043b\u044f \u0434\u0435\u0432\u0443\u0448\u0435\u043a"},"content":{"rendered":"\r\n<p><strong>KALISZ<br>M\u0142odzie\u017cowy O\u015brodek Wychowawczy<br>Dom Mi\u0142osierdzia \u015bw. J\u00f3zefa<\/strong><\/p>\r\n\r\n\r\n\r\n<div class=\"wp-block-media-text alignwide is-stacked-on-mobile\"><figure class=\"wp-block-media-text__media\"><img decoding=\"async\" src=\"https:\/\/www.faustyna.pl\/zmbm\/wp-content\/uploads\/2021\/06\/Kalisz-MOW.jpg\" alt=\"\" class=\"wp-image-21168 size-full\"\/><\/figure><div class=\"wp-block-media-text__content\">\r\n<p>ul. Pozna\u0144ska 26<br>62-800 Kalisz<br>tel.: (062) 767 50 87<br>e-mail: biuro@mow.kalisz.pl<\/p>\r\n<\/div><\/div>\r\n\r\n\r\n\r\n<p><strong>KRAK\u00d3W<br>M\u0142odzie\u017cowy O\u015brodek Wychowawczy<br>im. \u015bw. Siostry Faustyny<\/strong><\/p>\r\n\r\n\r\n\r\n<div class=\"wp-block-media-text alignwide is-stacked-on-mobile\"><figure class=\"wp-block-media-text__media\"><img decoding=\"async\" src=\"https:\/\/www.faustyna.pl\/zmbm\/wp-content\/uploads\/2021\/06\/Krakow-Dom-Milosierdzia.jpg\" alt=\"\" class=\"wp-image-21170 size-full\"\/><\/figure><div class=\"wp-block-media-text__content\">\r\n<p>ul. Siostry Faustyny 3<br>30-420 Krak\u00f3w<br>tel.: (012) 266 30 29; (012) 266 89 80<br>e-mail: mowkrakow@faustyna.pl<\/p>\r\n<\/div><\/div>\r\n\r\n\r\n\r\n<p>WROC\u0141AW<br>M\u0142odzie\u017cowy O\u015brodek Wychowawczy<br>im. m. Teresy Potockiej<\/p>\r\n\r\n\r\n\r\n<div class=\"wp-block-media-text alignwide is-stacked-on-mobile\"><figure class=\"wp-block-media-text__media\"><img decoding=\"async\" src=\"https:\/\/www.faustyna.pl\/zmbm\/wp-content\/uploads\/2021\/06\/Wroclaw-MOW.jpg\" alt=\"\" class=\"wp-image-21171 size-full\"\/><\/figure><div class=\"wp-block-media-text__content\">\r\n<p>Pl. Grunwaldzki 3b, 50-377 Wroc\u0142aw<br>tel\/fax (071) 328 00 98<br>e-mail: mow.wroclaw@faustyna.pl<\/p>\r\n\r\n\r\n\r\n<p>www: http:\/\/wroclaw.faustyna.pl<\/p>\r\n<\/div><\/div>\r\n","protected":false},"excerpt":{"rendered":"<p>KALISZM\u0142odzie\u017cowy O\u015brodek WychowawczyDom Mi\u0142osierdzia \u015bw. J\u00f3zefa ul. Pozna\u0144ska 2662-800 Kalisztel.: (062) 767 50 87e-mail: biuro@mow.kalisz.pl KRAK\u00d3WM\u0142odzie\u017cowy O\u015brodek Wychowawczyim. \u015bw. Siostry Faustyny ul. Siostry Faustyny 330-420 Krak\u00f3wtel.: (012) 266 30 29; (012) 266 89 80e-mail: mowkrakow@faustyna.pl WROC\u0141AWM\u0142odzie\u017cowy O\u015brodek Wychowawczyim. m. Teresy Potockiej Pl. Grunwaldzki 3b, 50-377 Wroc\u0142awtel\/fax (071) 328 00 98e-mail: mow.wroclaw@faustyna.pl www: http:\/\/wroclaw.faustyna.pl<\/p>\n","protected":false},"author":1,"featured_media":0,"parent":0,"menu_order":0,"comment_status":"closed","ping_status":"closed","template":"","meta":{"footnotes":""},"categories":[62],"tags":[],"class_list":["post-552","page","type-page","status-publish","hentry","category-domy-milosierdzia"],"_links":{"self":[{"href":"https:\/\/xn--80aaxusgfg.com\/index.php?rest_route=\/wp\/v2\/pages\/552","targetHints":{"allow":["GET"]}}],"collection":[{"href":"https:\/\/xn--80aaxusgfg.com\/index.php?rest_route=\/wp\/v2\/pages"}],"about":[{"href":"https:\/\/xn--80aaxusgfg.com\/index.php?rest_route=\/wp\/v2\/types\/page"}],"author":[{"embeddable":true,"href":"https:\/\/xn--80aaxusgfg.com\/index.php?rest_route=\/wp\/v2\/users\/1"}],"replies":[{"embeddable":true,"href":"https:\/\/xn--80aaxusgfg.com\/index.php?rest_route=%2Fwp%2Fv2%2Fcomments&post=552"}],"version-history":[{"count":5,"href":"https:\/\/xn--80aaxusgfg.com\/index.php?rest_route=\/wp\/v2\/pages\/552\/revisions"}],"predecessor-version":[{"id":8750,"href":"https:\/\/xn--80aaxusgfg.com\/index.php?rest_route=\/wp\/v2\/pages\/552\/revisions\/8750"}],"wp:attachment":[{"href":"https:\/\/xn--80aaxusgfg.com\/index.php?rest_route=%2Fwp%2Fv2%2Fmedia&parent=552"}],"wp:term":[{"taxonomy":"category","embeddable":true,"href":"https:\/\/xn--80aaxusgfg.com\/index.php?rest_route=%2Fwp%2Fv2%2Fcategories&post=552"},{"taxonomy":"post_tag","embeddable":true,"href":"https:\/\/xn--80aaxusgfg.com\/index.php?rest_route=%2Fwp%2Fv2%2Ftags&post=552"}],"curies":[{"name":"wp","href":"https:\/\/api.w.org\/{rel}","templated":true}]}}