



{"id":551,"date":"2015-04-20T06:50:59","date_gmt":"2015-04-20T06:50:59","guid":{"rendered":"http:\/\/xn--80aaxusgfg.com\/?page_id=551"},"modified":"2024-12-05T09:20:09","modified_gmt":"2024-12-05T08:20:09","slug":"184-2","status":"publish","type":"page","link":"https:\/\/xn--80aaxusgfg.com\/?page_id=551","title":{"rendered":"\u0414\u043e\u043c\u0430 \u0434\u043b\u044f \u043e\u0434\u0438\u043d\u043e\u043a\u0438\u0445 \u043c\u0430\u0442\u0435\u0440\u0435\u0439"},"content":{"rendered":"\n<p><strong>BIA\u0141A<\/strong><\/p>\n\n\n\n<div class=\"wp-block-media-text alignwide is-stacked-on-mobile\"><figure class=\"wp-block-media-text__media\"><img decoding=\"async\" src=\"https:\/\/www.faustyna.pl\/zmbm\/wp-content\/uploads\/2021\/06\/Biala-DSM.jpg\" alt=\"\" class=\"wp-image-21174 size-full\" \/><\/figure><div class=\"wp-block-media-text__content\">\n<p>ul. Henryka Siekiewicza 18<br>09-411 &#8212; Bia\u0142a<br>tel.: 797-907-363, 797-907-364<\/p>\n<\/div><\/div>\n\n\n\n<p><strong>CHYLICZKI<\/strong><\/p>\n\n\n\n<div class=\"wp-block-media-text alignwide is-stacked-on-mobile\"><figure class=\"wp-block-media-text__media\"><img decoding=\"async\" src=\"https:\/\/www.faustyna.pl\/zmbm\/wp-content\/uploads\/2021\/06\/Chyliczki-DSM.jpg\" alt=\"\" class=\"wp-image-21176 size-full\" \/><\/figure><div class=\"wp-block-media-text__content\">\n<p>ul. Wschodnia 6<br>05-500 Piaseczno &#8212; CHYLICZKI<br>tel.: 22 756 88 76<\/p>\n<\/div><\/div>\n\n\n\n<p><strong>E\u0141K<\/strong><\/p>\n\n\n\n<div class=\"wp-block-media-text alignwide is-stacked-on-mobile\"><figure class=\"wp-block-media-text__media\"><img decoding=\"async\" src=\"https:\/\/www.faustyna.pl\/zmbm\/wp-content\/uploads\/2021\/06\/Elk-2.jpg\" alt=\"\" class=\"wp-image-21177 size-full\" \/><\/figure><div class=\"wp-block-media-text__content\">\n<p>ul. Ks. Pra\u0142ata Mariana Szcz\u0119snego 1<br>19-300 E\u0142k<br>tek.: 516 775 392<\/p>\n<\/div><\/div>\n\n\n\n<p><strong>KIEKRZ<\/strong><\/p>\n\n\n\n<div class=\"wp-block-media-text alignwide is-stacked-on-mobile\"><figure class=\"wp-block-media-text__media\"><img decoding=\"async\" src=\"https:\/\/www.faustyna.pl\/zmbm\/wp-content\/uploads\/2021\/06\/Kiekrz-DSM.jpg\" alt=\"\" class=\"wp-image-21178 size-full\" \/><\/figure><div class=\"wp-block-media-text__content\">\n<p>ul. Kierska 10<br>62-090 Rokietnica &#8212; KIEKRZ<br>tel.: 61 842 80 04<\/p>\n<\/div><\/div>\n","protected":false},"excerpt":{"rendered":"<p>BIA\u0141A ul. Henryka Siekiewicza 1809-411 &#8212; Bia\u0142atel.: 797-907-363, 797-907-364 CHYLICZKI ul. Wschodnia 605-500 Piaseczno &#8212; CHYLICZKItel.: 22 756 88 76 E\u0141K ul. Ks. Pra\u0142ata Mariana Szcz\u0119snego 119-300 E\u0142ktek.: 516 775 392 KIEKRZ ul. Kierska 1062-090 Rokietnica &#8212; KIEKRZtel.: 61 842 80 04<\/p>\n","protected":false},"author":1,"featured_media":0,"parent":0,"menu_order":0,"comment_status":"closed","ping_status":"closed","template":"","meta":{"footnotes":""},"categories":[62],"tags":[],"class_list":["post-551","page","type-page","status-publish","hentry","category-domy-milosierdzia"],"_links":{"self":[{"href":"https:\/\/xn--80aaxusgfg.com\/index.php?rest_route=\/wp\/v2\/pages\/551","targetHints":{"allow":["GET"]}}],"collection":[{"href":"https:\/\/xn--80aaxusgfg.com\/index.php?rest_route=\/wp\/v2\/pages"}],"about":[{"href":"https:\/\/xn--80aaxusgfg.com\/index.php?rest_route=\/wp\/v2\/types\/page"}],"author":[{"embeddable":true,"href":"https:\/\/xn--80aaxusgfg.com\/index.php?rest_route=\/wp\/v2\/users\/1"}],"replies":[{"embeddable":true,"href":"https:\/\/xn--80aaxusgfg.com\/index.php?rest_route=%2Fwp%2Fv2%2Fcomments&post=551"}],"version-history":[{"count":6,"href":"https:\/\/xn--80aaxusgfg.com\/index.php?rest_route=\/wp\/v2\/pages\/551\/revisions"}],"predecessor-version":[{"id":12807,"href":"https:\/\/xn--80aaxusgfg.com\/index.php?rest_route=\/wp\/v2\/pages\/551\/revisions\/12807"}],"wp:attachment":[{"href":"https:\/\/xn--80aaxusgfg.com\/index.php?rest_route=%2Fwp%2Fv2%2Fmedia&parent=551"}],"wp:term":[{"taxonomy":"category","embeddable":true,"href":"https:\/\/xn--80aaxusgfg.com\/index.php?rest_route=%2Fwp%2Fv2%2Fcategories&post=551"},{"taxonomy":"post_tag","embeddable":true,"href":"https:\/\/xn--80aaxusgfg.com\/index.php?rest_route=%2Fwp%2Fv2%2Ftags&post=551"}],"curies":[{"name":"wp","href":"https:\/\/api.w.org\/{rel}","templated":true}]}}