



{"id":547,"date":"2015-04-20T06:50:35","date_gmt":"2015-04-20T06:50:35","guid":{"rendered":"http:\/\/xn--80aaxusgfg.com\/?page_id=547"},"modified":"2021-09-11T23:26:27","modified_gmt":"2021-09-11T21:26:27","slug":"178-2","status":"publish","type":"page","link":"https:\/\/xn--80aaxusgfg.com\/?page_id=547","title":{"rendered":"\u0411\u0443\u0440\u0441\u044b"},"content":{"rendered":"\r\n<p><strong>\u0141\u00d3D\u0179<\/strong><\/p>\r\n\r\n\r\n\r\n<div class=\"wp-block-media-text alignwide is-stacked-on-mobile\"><figure class=\"wp-block-media-text__media\"><img decoding=\"async\" src=\"https:\/\/www.faustyna.pl\/zmbm\/wp-content\/uploads\/2021\/06\/Lodz-bursa-2.jpg\" alt=\"\" class=\"wp-image-21206 size-full\"\/><\/figure><div class=\"wp-block-media-text__content\">\r\n<p>ul. Wici 47<br>91-157 \u0141\u00d3D\u0179<br>tf.: (42) 655 83 24; 655 80 05<br>e-mail: zmbm-lodz@faustyna.pl<\/p>\r\n<\/div><\/div>\r\n\r\n\r\n\r\n<p><strong>KAZACHSTAN<\/strong><\/p>\r\n\r\n\r\n\r\n<div class=\"wp-block-media-text alignwide is-stacked-on-mobile\"><figure class=\"wp-block-media-text__media\"><img decoding=\"async\" src=\"https:\/\/www.faustyna.pl\/zmbm\/wp-content\/uploads\/2021\/06\/Kazachstan-Pietropawlowsk-1.jpg\" alt=\"\" class=\"wp-image-21207 size-full\"\/><\/figure><div class=\"wp-block-media-text__content\">\r\n<p>ul. Auezova 133 A<br>150010 PIETROPAVLOVSK<br>tf.: (0-07) 7152 52 57 39<br>kom.: +48 535 438 296; +7 701 266 58 65<br>e-mail: pietropawlowsk@faustyna.pl<\/p>\r\n<\/div><\/div>\r\n","protected":false},"excerpt":{"rendered":"<p>\u0141\u00d3D\u0179 ul. Wici 4791-157 \u0141\u00d3D\u0179tf.: (42) 655 83 24; 655 80 05e-mail: zmbm-lodz@faustyna.pl KAZACHSTAN ul. Auezova 133 A150010 PIETROPAVLOVSKtf.: (0-07) 7152 52 57 39kom.: +48 535 438 296; +7 701 266 58 65e-mail: pietropawlowsk@faustyna.pl<\/p>\n","protected":false},"author":1,"featured_media":0,"parent":0,"menu_order":0,"comment_status":"closed","ping_status":"closed","template":"","meta":{"footnotes":""},"categories":[62],"tags":[],"class_list":["post-547","page","type-page","status-publish","hentry","category-domy-milosierdzia"],"_links":{"self":[{"href":"https:\/\/xn--80aaxusgfg.com\/index.php?rest_route=\/wp\/v2\/pages\/547","targetHints":{"allow":["GET"]}}],"collection":[{"href":"https:\/\/xn--80aaxusgfg.com\/index.php?rest_route=\/wp\/v2\/pages"}],"about":[{"href":"https:\/\/xn--80aaxusgfg.com\/index.php?rest_route=\/wp\/v2\/types\/page"}],"author":[{"embeddable":true,"href":"https:\/\/xn--80aaxusgfg.com\/index.php?rest_route=\/wp\/v2\/users\/1"}],"replies":[{"embeddable":true,"href":"https:\/\/xn--80aaxusgfg.com\/index.php?rest_route=%2Fwp%2Fv2%2Fcomments&post=547"}],"version-history":[{"count":5,"href":"https:\/\/xn--80aaxusgfg.com\/index.php?rest_route=\/wp\/v2\/pages\/547\/revisions"}],"predecessor-version":[{"id":8755,"href":"https:\/\/xn--80aaxusgfg.com\/index.php?rest_route=\/wp\/v2\/pages\/547\/revisions\/8755"}],"wp:attachment":[{"href":"https:\/\/xn--80aaxusgfg.com\/index.php?rest_route=%2Fwp%2Fv2%2Fmedia&parent=547"}],"wp:term":[{"taxonomy":"category","embeddable":true,"href":"https:\/\/xn--80aaxusgfg.com\/index.php?rest_route=%2Fwp%2Fv2%2Fcategories&post=547"},{"taxonomy":"post_tag","embeddable":true,"href":"https:\/\/xn--80aaxusgfg.com\/index.php?rest_route=%2Fwp%2Fv2%2Ftags&post=547"}],"curies":[{"name":"wp","href":"https:\/\/api.w.org\/{rel}","templated":true}]}}