



{"id":546,"date":"2015-04-20T06:50:23","date_gmt":"2015-04-20T06:50:23","guid":{"rendered":"http:\/\/xn--80aaxusgfg.com\/?page_id=546"},"modified":"2025-10-06T13:43:48","modified_gmt":"2025-10-06T11:43:48","slug":"175-2","status":"publish","type":"page","link":"https:\/\/xn--80aaxusgfg.com\/?page_id=546","title":{"rendered":"\u0420\u0435\u043a\u043e\u043b\u043b\u0435\u043a\u0446\u0438\u043e\u043d\u043d\u044b\u0435 \u0434\u043e\u043c\u0430"},"content":{"rendered":"\n<p><strong>DERDY<\/strong><\/p>\n\n\n\n<div class=\"wp-block-media-text alignwide is-stacked-on-mobile\"><figure class=\"wp-block-media-text__media\"><img decoding=\"async\" src=\"https:\/\/www.faustyna.pl\/zmbm\/wp-content\/uploads\/2021\/06\/Derdy-dom-rekolekcyjny.jpg\" alt=\"\" class=\"wp-image-21210 size-full\" \/><\/figure><div class=\"wp-block-media-text__content\">\n<p>ul. \u0141\u0105czno\u015bci 158<br>05-552 W\u00d3LKA KOSOWSKA<br>tf.: (22) 757 77 40<br>e-mail: milosierdzie-derdy@faustyna.pl<\/p>\n<\/div><\/div>\n\n\n\n<p><strong>ZAKOPANE<\/strong><\/p>\n\n\n\n<div class=\"wp-block-media-text alignwide is-stacked-on-mobile\"><figure class=\"wp-block-media-text__media\"><img decoding=\"async\" src=\"https:\/\/www.faustyna.pl\/zmbm\/wp-content\/uploads\/2021\/06\/Zakoapane-dom-rekolekcyjny.jpg\" alt=\"\" class=\"wp-image-21213 size-full\" \/><\/figure><div class=\"wp-block-media-text__content\">\n<p>ul. Krzept\u00f3wki 172<br>34-505 ZAKOPANE<br>tf.: (18) 206 69 15<br>kom.: 797 907 286<br>e-mail: zakopane@faustyna.pl<br>www.zakopane.faustyna.pl<\/p>\n<\/div><\/div>\n","protected":false},"excerpt":{"rendered":"<p>DERDY ul. \u0141\u0105czno\u015bci 15805-552 W\u00d3LKA KOSOWSKAtf.: (22) 757 77 40e-mail: milosierdzie-derdy@faustyna.pl ZAKOPANE ul. Krzept\u00f3wki 17234-505 ZAKOPANEtf.: (18) 206 69 15kom.: 797 907 286e-mail: zakopane@faustyna.plwww.zakopane.faustyna.pl<\/p>\n","protected":false},"author":1,"featured_media":0,"parent":0,"menu_order":0,"comment_status":"closed","ping_status":"closed","template":"","meta":{"footnotes":""},"categories":[62],"tags":[],"class_list":["post-546","page","type-page","status-publish","hentry","category-domy-milosierdzia"],"_links":{"self":[{"href":"https:\/\/xn--80aaxusgfg.com\/index.php?rest_route=\/wp\/v2\/pages\/546","targetHints":{"allow":["GET"]}}],"collection":[{"href":"https:\/\/xn--80aaxusgfg.com\/index.php?rest_route=\/wp\/v2\/pages"}],"about":[{"href":"https:\/\/xn--80aaxusgfg.com\/index.php?rest_route=\/wp\/v2\/types\/page"}],"author":[{"embeddable":true,"href":"https:\/\/xn--80aaxusgfg.com\/index.php?rest_route=\/wp\/v2\/users\/1"}],"replies":[{"embeddable":true,"href":"https:\/\/xn--80aaxusgfg.com\/index.php?rest_route=%2Fwp%2Fv2%2Fcomments&post=546"}],"version-history":[{"count":4,"href":"https:\/\/xn--80aaxusgfg.com\/index.php?rest_route=\/wp\/v2\/pages\/546\/revisions"}],"predecessor-version":[{"id":13415,"href":"https:\/\/xn--80aaxusgfg.com\/index.php?rest_route=\/wp\/v2\/pages\/546\/revisions\/13415"}],"wp:attachment":[{"href":"https:\/\/xn--80aaxusgfg.com\/index.php?rest_route=%2Fwp%2Fv2%2Fmedia&parent=546"}],"wp:term":[{"taxonomy":"category","embeddable":true,"href":"https:\/\/xn--80aaxusgfg.com\/index.php?rest_route=%2Fwp%2Fv2%2Fcategories&post=546"},{"taxonomy":"post_tag","embeddable":true,"href":"https:\/\/xn--80aaxusgfg.com\/index.php?rest_route=%2Fwp%2Fv2%2Ftags&post=546"}],"curies":[{"name":"wp","href":"https:\/\/api.w.org\/{rel}","templated":true}]}}