



{"id":524,"date":"2015-04-20T06:37:51","date_gmt":"2015-04-20T06:37:51","guid":{"rendered":"http:\/\/xn--80aaxusgfg.com\/?page_id=524"},"modified":"2025-05-28T08:28:42","modified_gmt":"2025-05-28T06:28:42","slug":"66-2","status":"publish","type":"page","link":"https:\/\/xn--80aaxusgfg.com\/?page_id=524","title":{"rendered":"\u0412 \u043c\u0438\u0440\u0435"},"content":{"rendered":"\n<p><strong>BIA\u0141ORU\u015a<\/strong><\/p>\n\n\n\n<div class=\"wp-block-media-text alignwide is-stacked-on-mobile\"><figure class=\"wp-block-media-text__media\"><img decoding=\"async\" src=\"https:\/\/www.faustyna.pl\/zmbm\/wp-content\/uploads\/2021\/06\/Postawy-klasztor-ZMBM.jpg\" alt=\"\" class=\"wp-image-21291 size-full\" \/><\/figure><div class=\"wp-block-media-text__content\">\n<p>Witiebskaja ob\u0142.<br>211875 POSTAWY<br>ul. Nabierie\u017cnaja 6<br>tf.: (0-0375) 215 54 42 32<br>e-mail: postawy@faustyna.pl<\/p>\n<\/div><\/div>\n\n\n\n<p><strong>BIA\u0141ORU\u015a<\/strong><\/p>\n\n\n\n<div class=\"wp-block-media-text alignwide is-stacked-on-mobile\"><figure class=\"wp-block-media-text__media\"><img decoding=\"async\" src=\"https:\/\/www.faustyna.pl\/zmbm\/wp-content\/uploads\/2021\/06\/Bialorus-Szydlowice-Klasztor.jpg\" alt=\"\" class=\"wp-image-21122 size-full\" \/><\/figure><div class=\"wp-block-media-text__content\">\n<p>Grodnienskaja ob\u0142.<br>Wo\u0142kowyskij ron.<br>231904 SZI\u0141AWICZI<br>ul. Sowietskaja 8a<br>tf.: (0-0375) 151 234 137 (plebania)<\/p>\n<\/div><\/div>\n\n\n\n<p><strong>BRAZYLIA<\/strong><\/p>\n\n\n\n<div class=\"wp-block-media-text alignwide is-stacked-on-mobile\"><figure class=\"wp-block-media-text__media\"><img decoding=\"async\" src=\"https:\/\/www.faustyna.pl\/zmbm\/wp-content\/uploads\/2023\/01\/Klasztor-ISMM-w-Rio-de-Janeiro.jpg\" alt=\"\" class=\"wp-image-25390 size-full\" \/><\/figure><div class=\"wp-block-media-text__content\">\n<p>Rua Domingos Freire, 142<br>Cep: 20735-220<br>Todos os Santos \u2013 M\u00e9ier RIO DE JANEIRO<br>Brasil<br>ismm.misericordia.brasil@gmail.com<\/p>\n\n\n\n<p><\/p>\n<\/div><\/div>\n\n\n\n<p><strong>CZECHY<\/strong><\/p>\n\n\n\n<div class=\"wp-block-media-text alignwide is-stacked-on-mobile\"><figure class=\"wp-block-media-text__media\"><img decoding=\"async\" src=\"https:\/\/www.faustyna.pl\/zmbm\/wp-content\/uploads\/2021\/06\/Czechy-Dvur-Kralove.jpg\" alt=\"\" class=\"wp-image-21124 size-full\" \/><\/figure><div class=\"wp-block-media-text__content\">\n<p>ul. \u0160tef\u00e1nikova 952<br>544 01 DV\u016eR KR\u00c1LOV\u00c9 NAD LABEM<br>tf.: (0-0420) 499 32 14 09<br>e-mail: kmbm@seznam.cz<\/p>\n<\/div><\/div>\n\n\n\n<p><strong>KAZACHSTAN<\/strong><\/p>\n\n\n\n<div class=\"wp-block-media-text alignwide is-stacked-on-mobile\"><figure class=\"wp-block-media-text__media\"><img decoding=\"async\" src=\"https:\/\/www.faustyna.pl\/zmbm\/wp-content\/uploads\/2021\/06\/Kazachstan-Pietropawlowsk.jpg\" alt=\"\" class=\"wp-image-21125 size-full\" \/><\/figure><div class=\"wp-block-media-text__content\">\n<p>ul. Auezova 133 A<br>150010 PIETROPAVLOVSK<br>tf.: (0-07) 7152 52 57 39<br>kom.: +48 535 438 296; +7 701 266 58 65<br>e-mail: pietropawlowsk@faustyna.pl<\/p>\n<\/div><\/div>\n\n\n\n<p><strong>CUBA<\/strong><\/p>\n\n\n\n<div class=\"wp-block-media-text alignwide is-stacked-on-mobile\"><figure class=\"wp-block-media-text__media\"><img decoding=\"async\" src=\"https:\/\/www.faustyna.pl\/zmbm\/wp-content\/uploads\/2021\/06\/Kuba-klasztor-ZMBM.jpg\" alt=\"\" class=\"wp-image-21126 size-full\" \/><\/figure><div class=\"wp-block-media-text__content\">\n<p>Calle Avellaneda 221 # Jaime y San Esteban<br>70100 Camaguey<br>CP 70100 Cuba<\/p>\n\n\n\n<p>Tel.: +53 32 25 67 10 ; +53 58 64 32 16.<\/p>\n<\/div><\/div>\n\n\n\n<p><strong>SLOVENSKO<\/strong><\/p>\n\n\n\n<div class=\"wp-block-media-text alignwide is-stacked-on-mobile\"><figure class=\"wp-block-media-text__media\"><img decoding=\"async\" src=\"https:\/\/www.faustyna.pl\/zmbm\/wp-content\/uploads\/2021\/06\/Slowacja-Koszyce-1.jpg\" alt=\"\" class=\"wp-image-21127 size-full\" \/><\/figure><div class=\"wp-block-media-text__content\">\n<p>T\u00e1borsk\u00e1 7<br>040 01 KO\u0160ICE<br>tel.: 0-0421-556-77-02-77<br>e-mail: kosice@milosrdenstvo.sk<\/p>\n<\/div><\/div>\n\n\n\n<p><strong>SLOVENSKO<\/strong><\/p>\n\n\n\n<div class=\"wp-block-media-text alignwide is-stacked-on-mobile\"><figure class=\"wp-block-media-text__media\"><img decoding=\"async\" src=\"https:\/\/www.faustyna.pl\/zmbm\/wp-content\/uploads\/2021\/06\/Slowacja-Hruszov.jpg\" alt=\"\" class=\"wp-image-21128 size-full\" \/><\/figure><div class=\"wp-block-media-text__content\">\n<p>094 22 NI\u017dN\u00dd HRU\u0160OV 41<br>tf.: (0-0421) 574 48 31 66<br>e-mail: sr.faustyna@milosrdenstvo.sk<br>www.milosrdenstvo.sk<\/p>\n<\/div><\/div>\n\n\n\n<p><strong>ITALIA<\/strong><\/p>\n\n\n\n<div class=\"wp-block-media-text alignwide is-stacked-on-mobile\"><figure class=\"wp-block-media-text__media\"><img decoding=\"async\" src=\"https:\/\/www.faustyna.pl\/zmbm\/wp-content\/uploads\/2021\/06\/La-Chiesa-di-Santo-Spirito-nel-Roma-115.jpg\" alt=\"\" class=\"wp-image-21033 size-full\" \/><\/figure><div class=\"wp-block-media-text__content\">\n<p>Via dei Penitenzieri 12<br>00193 ROMA<br>tf.: (0-039 06) 68 80 50 94<br>e-mail: zmbmcentrumrzym@wp.pl<\/p>\n<\/div><\/div>\n\n\n\n<p><strong>UKRAINA<\/strong><\/p>\n\n\n\n<div class=\"wp-block-media-text alignwide is-stacked-on-mobile\"><figure class=\"wp-block-media-text__media\"><img decoding=\"async\" src=\"https:\/\/www.faustyna.pl\/zmbm\/wp-content\/uploads\/2021\/06\/Tawrijsk.jpg\" alt=\"\" class=\"wp-image-21129 size-full\" \/><\/figure><div class=\"wp-block-media-text__content\">\n<p>ul. Czka\u0142owa 33<br>74 989 TAWRIJSK<br>Wojew\u00f3dztwo: Odessa<br>tel. (00380) 554 97 28 37<br>kom. +380 980 670 216<br>e-mail: tawrijsk@faustyna.pl<\/p>\n<\/div><\/div>\n\n\n\n<p><strong>USA<\/strong><\/p>\n\n\n\n<div class=\"wp-block-media-text alignwide is-stacked-on-mobile\"><figure class=\"wp-block-media-text__media\"><img decoding=\"async\" src=\"https:\/\/www.faustyna.pl\/zmbm\/wp-content\/uploads\/2021\/06\/Usa-Lakewille-ZMBM.jpg\" alt=\"\" class=\"wp-image-21130 size-full\" \/><\/figure><div class=\"wp-block-media-text__content\">\n<p>55 Loon Pond Rd.<br>LAKEVILLE, MA 02347<br>tf.: (0-01) 617 288 12 02<br>fax: (0-01) 617 288 12 02<br>e-mail: mercy@sisterfaustina.org<br>www.sisterfaustina.org<\/p>\n<\/div><\/div>\n\n\n\n<p><strong>USA<\/strong><\/p>\n\n\n\n<div class=\"wp-block-media-text alignwide is-stacked-on-mobile\"><figure class=\"wp-block-media-text__media\"><img decoding=\"async\" src=\"https:\/\/www.faustyna.pl\/zmbm\/wp-content\/uploads\/2021\/08\/Klasztor-ZMBM-Waszyngton-USA.jpg\" alt=\"\" class=\"wp-image-21836 size-full\" \/><\/figure><div class=\"wp-block-media-text__content\">\n<p>7001 Forest Hill Dr.<br>University Park, MD 20782<br>USA<br>tf.: (0-01) 301 403 9023<br>e-mail: waszyngton@faustyna.pl<\/p>\n<\/div><\/div>\n\n\n\n<p><strong>USA<\/strong><\/p>\n","protected":false},"excerpt":{"rendered":"<p>BIA\u0141ORU\u015a Witiebskaja ob\u0142.211875 POSTAWYul. Nabierie\u017cnaja 6tf.: (0-0375) 215 54 42 32e-mail: postawy@faustyna.pl BIA\u0141ORU\u015a Grodnienskaja ob\u0142.Wo\u0142kowyskij ron.231904 SZI\u0141AWICZIul. Sowietskaja 8atf.: (0-0375) 151 234 137 (plebania) BRAZYLIA Rua Domingos Freire, 142Cep: 20735-220Todos os Santos \u2013 M\u00e9ier RIO DE JANEIROBrasilismm.misericordia.brasil@gmail.com CZECHY ul. \u0160tef\u00e1nikova 952544 01 DV\u016eR KR\u00c1LOV\u00c9 NAD LABEMtf.: (0-0420) 499 32 14 09e-mail: kmbm@seznam.cz KAZACHSTAN ul. Auezova [&hellip;]<\/p>\n","protected":false},"author":1,"featured_media":0,"parent":0,"menu_order":0,"comment_status":"closed","ping_status":"closed","template":"","meta":{"footnotes":""},"categories":[53],"tags":[],"class_list":["post-524","page","type-page","status-publish","hentry","category-klasztory"],"_links":{"self":[{"href":"https:\/\/xn--80aaxusgfg.com\/index.php?rest_route=\/wp\/v2\/pages\/524","targetHints":{"allow":["GET"]}}],"collection":[{"href":"https:\/\/xn--80aaxusgfg.com\/index.php?rest_route=\/wp\/v2\/pages"}],"about":[{"href":"https:\/\/xn--80aaxusgfg.com\/index.php?rest_route=\/wp\/v2\/types\/page"}],"author":[{"embeddable":true,"href":"https:\/\/xn--80aaxusgfg.com\/index.php?rest_route=\/wp\/v2\/users\/1"}],"replies":[{"embeddable":true,"href":"https:\/\/xn--80aaxusgfg.com\/index.php?rest_route=%2Fwp%2Fv2%2Fcomments&post=524"}],"version-history":[{"count":31,"href":"https:\/\/xn--80aaxusgfg.com\/index.php?rest_route=\/wp\/v2\/pages\/524\/revisions"}],"predecessor-version":[{"id":13207,"href":"https:\/\/xn--80aaxusgfg.com\/index.php?rest_route=\/wp\/v2\/pages\/524\/revisions\/13207"}],"wp:attachment":[{"href":"https:\/\/xn--80aaxusgfg.com\/index.php?rest_route=%2Fwp%2Fv2%2Fmedia&parent=524"}],"wp:term":[{"taxonomy":"category","embeddable":true,"href":"https:\/\/xn--80aaxusgfg.com\/index.php?rest_route=%2Fwp%2Fv2%2Fcategories&post=524"},{"taxonomy":"post_tag","embeddable":true,"href":"https:\/\/xn--80aaxusgfg.com\/index.php?rest_route=%2Fwp%2Fv2%2Ftags&post=524"}],"curies":[{"name":"wp","href":"https:\/\/api.w.org\/{rel}","templated":true}]}}