



{"id":461,"date":"2015-04-20T06:18:47","date_gmt":"2015-04-20T06:18:47","guid":{"rendered":"http:\/\/xn--80aaxusgfg.com\/?page_id=461"},"modified":"2025-11-16T20:08:25","modified_gmt":"2025-11-16T19:08:25","slug":"566-2","status":"publish","type":"page","link":"https:\/\/xn--80aaxusgfg.com\/?page_id=461","title":{"rendered":"\u0412 \u041f\u043e\u043b\u044c\u0448\u0435"},"content":{"rendered":"\n<p><span style=\"color: #003300\"><strong>BIA\u0141A PODLASKA<\/strong><\/span><br><span style=\"color: #003300\"><strong> Diecezjalne Sanktuarium Mi\u0142osierdzia Bo\u017cego<\/strong><\/span><\/p>\n\n\n\n<div class=\"wp-block-media-text alignwide is-stacked-on-mobile\"><figure class=\"wp-block-media-text__media\"><img decoding=\"async\" src=\"https:\/\/www.faustyna.pl\/zmbm\/wp-content\/uploads\/2021\/06\/Biala-Podlaska.jpg\" alt=\"\" class=\"wp-image-20847 size-full\" \/><\/figure><div class=\"wp-block-media-text__content\">\n<p>Parafia pw. Chrystusa Mi\u0142osiernego<br>ul. kard. Stefana Wyszy\u0144skiego 53\/55<br>21-500 Bia\u0142a Podlaska<br>tf.: (083) 344 04 17<br>e-mail: dsmb@poczta.fm<br>diecezja: siedlecka<\/p>\n<\/div><\/div>\n\n\n\n<p><strong>BIA\u0141YSTOK<\/strong><br><strong>Sanktuarium Mi\u0142osierdzia Bo\u017cego<\/strong><\/p>\n\n\n\n<div class=\"wp-block-media-text alignwide is-stacked-on-mobile\"><figure class=\"wp-block-media-text__media\"><img decoding=\"async\" src=\"https:\/\/www.faustyna.pl\/zmbm\/wp-content\/uploads\/2021\/06\/Bialystok.jpg\" alt=\"\" class=\"wp-image-20848 size-full\" \/><\/figure><div class=\"wp-block-media-text__content\">\n<p>Parafia Mi\u0142osierdzia Bo\u017cego<br>Pl. B\u0142. Ks. Micha\u0142a Sopo\u0107ki 1<br>15-863 Bia\u0142ystok<br>tel.: (85) 651 90 10; 651 42 69; 600 42 90 10<br>e-mail: milosierdzie@bialystok.opoka.org.pl<br>dekanat: Bia\u0142ystok Bia\u0142ostoczek<br>archidiecezja: bia\u0142ostocka<\/p>\n<\/div><\/div>\n\n\n\n<p><strong>BIELSK PODLASKI<br>Diecezjalne Sanktuarium Mi\u0142osierdzia Bo\u017cego<\/strong><\/p>\n\n\n\n<div class=\"wp-block-media-text alignwide is-stacked-on-mobile\"><figure class=\"wp-block-media-text__media\"><img decoding=\"async\" src=\"https:\/\/www.faustyna.pl\/zmbm\/wp-content\/uploads\/2021\/06\/Bielsk-Podlaski.jpg\" alt=\"\" class=\"wp-image-20849 size-full\" \/><\/figure><div class=\"wp-block-media-text__content\">\n<p>ul. Wojska Polskiego 66<br>17-100 Bielsk Podlaski<br>Polska<br>Telefon: (85) 730 24 60<br>E-mail: kujawad@drohiczyn.opoka.org.pl<\/p>\n<\/div><\/div>\n\n\n\n<p><strong>CZ\u0118STOCHOWA<br>Sanktuarium Mi\u0142osierdzia Bo\u017cego<\/strong><\/p>\n\n\n\n<div class=\"wp-block-media-text alignwide is-stacked-on-mobile\"><figure class=\"wp-block-media-text__media\"><img decoding=\"async\" src=\"https:\/\/www.faustyna.pl\/zmbm\/wp-content\/uploads\/2021\/06\/Czestochowa.jpg\" alt=\"\" class=\"wp-image-20850 size-full\" \/><\/figure><div class=\"wp-block-media-text__content\">\n<p>Parafia Mi\u0142osierdzia Bo\u017cego<br>ul. Kordeckiego 49<br>42-226 Cz\u0119stochowa<br>tel.: (034) 365 66 68<br>dekanat: Naj\u015bwi\u0119tszej Maryi<br>Panny Jasnog\u00f3rskiej w Cz\u0119stochowie<br>archidiecezja: cz\u0119stochowska<\/p>\n<\/div><\/div>\n\n\n\n<p><strong>E\u0141K<br>Diecezjalne Sanktuarium Mi\u0142osierdzia Bo\u017cego<\/strong><\/p>\n\n\n\n<div class=\"wp-block-media-text alignwide is-stacked-on-mobile\"><figure class=\"wp-block-media-text__media\"><img decoding=\"async\" src=\"https:\/\/www.faustyna.pl\/zmbm\/wp-content\/uploads\/2021\/06\/Elk.jpg\" alt=\"\" class=\"wp-image-20851 size-full\" \/><\/figure><div class=\"wp-block-media-text__content\">\n<p>Parafia pw. Chrystusa S\u0142ugi<br>ul. Genera\u0142a Stefana Grota Roweckiego 5<br>19-300 E\u0142k<br>tel. (087) 621-59-29<br>diecezja: e\u0142cka<\/p>\n<\/div><\/div>\n\n\n\n<p><strong>GDA\u0143SK-WRZESZCZ<br>Archidiecezjalne Sanktuarium Mi\u0142osierdzia Bo\u017cego<\/strong><\/p>\n\n\n\n<div class=\"wp-block-media-text alignwide is-stacked-on-mobile\"><figure class=\"wp-block-media-text__media\"><img decoding=\"async\" src=\"https:\/\/www.faustyna.pl\/zmbm\/wp-content\/uploads\/2021\/06\/Gdansk.jpg\" alt=\"\" class=\"wp-image-20852 size-full\" \/><\/figure><div class=\"wp-block-media-text__content\">\n<p>Parafia Zmartwychwstania Pa\u0144skiego<br>ul. Miko\u0142aja Gom\u00f3\u0142ki 11\/13<br>80 \u2013 279 Gda\u0144sk<br>tel.: (58) 341 25 26; 341 61 23<br>e-mail: krzysztof.swol@gmail.com<br>diecezja: gda\u0144ska<\/p>\n<\/div><\/div>\n\n\n\n<p><strong>GDYNIA<br>Sanktuarium Mi\u0142osierdzia Bo\u017cego<\/strong><\/p>\n\n\n\n<div class=\"wp-block-media-text alignwide is-stacked-on-mobile\"><figure class=\"wp-block-media-text__media\"><img decoding=\"async\" src=\"https:\/\/www.faustyna.pl\/zmbm\/wp-content\/uploads\/2021\/06\/Gdynia-Sanktuarium.jpg\" alt=\"\" class=\"wp-image-21260 size-full\" \/><\/figure><div class=\"wp-block-media-text__content\">\n<p>ul. Zygmuntowska 4<br>81-372 Gdynia<\/p>\n<\/div><\/div>\n\n\n\n<p><strong>GLIWICE<br>Sanktuarium Bo\u017cego Mi\u0142osierdzia<\/strong><\/p>\n\n\n\n<p><\/p>\n\n\n\n<div class=\"wp-block-media-text is-stacked-on-mobile\"><figure class=\"wp-block-media-text__media\"><img loading=\"lazy\" decoding=\"async\" width=\"1024\" height=\"610\" src=\"https:\/\/xn--80aaxusgfg.com\/wp-content\/uploads\/sites\/6\/2025\/11\/Gliwice_Sanktuarium_BM.jpg\" alt=\"\" class=\"wp-image-13465 size-full\" srcset=\"https:\/\/xn--80aaxusgfg.com\/wp-content\/uploads\/sites\/6\/2025\/11\/Gliwice_Sanktuarium_BM.jpg 1024w, https:\/\/xn--80aaxusgfg.com\/wp-content\/uploads\/sites\/6\/2025\/11\/Gliwice_Sanktuarium_BM-560x334.jpg 560w, https:\/\/xn--80aaxusgfg.com\/wp-content\/uploads\/sites\/6\/2025\/11\/Gliwice_Sanktuarium_BM-140x83.jpg 140w, https:\/\/xn--80aaxusgfg.com\/wp-content\/uploads\/sites\/6\/2025\/11\/Gliwice_Sanktuarium_BM-768x458.jpg 768w\" sizes=\"auto, (max-width: 1024px) 100vw, 1024px\" \/><\/figure><div class=\"wp-block-media-text__content\">\n<p>ul. Strzelnicza 83<br>44-100 Gliwice<br>Tel.: 32 332 51 51<br>E-mail: mb_gliwice@kuria.gliwice.pl<\/p>\n\n\n\n<p><\/p>\n<\/div><\/div>\n\n\n\n<p><strong>KALISZ<br>Sanktuarium Mi\u0142osierdzia Bo\u017cego<\/strong><\/p>\n\n\n\n<div class=\"wp-block-media-text alignwide is-stacked-on-mobile\"><figure class=\"wp-block-media-text__media\"><img decoding=\"async\" src=\"https:\/\/www.faustyna.pl\/zmbm\/wp-content\/uploads\/2021\/06\/Kalisz-Sanktuarium-BM.jpg\" alt=\"\" class=\"wp-image-20853 size-full\" \/><\/figure><div class=\"wp-block-media-text__content\">\n<p>Parafia Mi\u0142osierdzia Bo\u017cego<br>ul. Asnyka 54\/56<br>62-800 Kalisz<br>tel.: (62) 766 50 01<br>dekanat Kaliski II<br>diecezja kaliska<\/p>\n<\/div><\/div>\n\n\n\n<p><strong>KIELCE<br>Diecezjalne Sanktuarium Mi\u0142osierdzia Bo\u017cego<\/strong><\/p>\n\n\n\n<div class=\"wp-block-media-text alignwide is-stacked-on-mobile\"><figure class=\"wp-block-media-text__media\"><img decoding=\"async\" src=\"https:\/\/www.faustyna.pl\/zmbm\/wp-content\/uploads\/2021\/06\/Kielce-Sanktuarium-BM.jpg\" alt=\"\" class=\"wp-image-20854 size-full\" \/><\/figure><div class=\"wp-block-media-text__content\">\n<p>Parafia pw. Mi\u0142osierdzia Bo\u017cego<br>ul. Mieszka I 48<br>25-624 Kielce<br>tel.\/fax: (041) 345 32 07<br>e-mail: sanktuarium@milosierdziekielce.pl<br>diecezja: kielecka<\/p>\n<\/div><\/div>\n\n\n\n<p><strong>KRAK\u00d3W-\u0141AGIEWNIKI<br>Sanktuarium Bo\u017cego Mi\u0142osierdzia<\/strong><\/p>\n\n\n\n<div class=\"wp-block-media-text alignwide is-stacked-on-mobile\"><figure class=\"wp-block-media-text__media\"><img decoding=\"async\" src=\"https:\/\/www.faustyna.pl\/zmbm\/wp-content\/uploads\/2021\/06\/lagiewniki-Sanktuarium-BM.jpg\" alt=\"\" class=\"wp-image-20855 size-full\" \/><\/figure><div class=\"wp-block-media-text__content\">\n<p>ul. Siostry Faustyny 3<br>30-420 Krak\u00f3w<br>tel: (012) 351 88 00; 252 33 33<br>e-mail: klasztor@faustyna.pl<br>pielgrzymki@milosierdzie.pl<br>archidiecezja: krakowska<\/p>\n<\/div><\/div>\n\n\n\n<p><strong>\u0141OM\u017bA<br>Sanktuarium Mi\u0142osierdzia Bo\u017cego<\/strong><\/p>\n\n\n\n<div class=\"wp-block-media-text alignwide is-stacked-on-mobile\"><figure class=\"wp-block-media-text__media\"><img decoding=\"async\" src=\"https:\/\/www.faustyna.pl\/zmbm\/wp-content\/uploads\/2021\/06\/Lomza.jpg\" alt=\"\" class=\"wp-image-20856 size-full\" \/><\/figure><div class=\"wp-block-media-text__content\">\n<p>Parafia pw. Mi\u0142osierdzia Bo\u017cego<br>ul. Kardyna\u0142a Stefana Wyszy\u0144skiego 11<br>18-400 \u0141om\u017ca<br>tel.: (086) 218 52 09<br>e-mail: smb@lomza.opoka.org.pl<br>diecezja: \u0142om\u017cy\u0144ska<\/p>\n<\/div><\/div>\n\n\n\n<p><strong>\u0141\u00d3D\u0179<br>Sanktuarium Mi\u0142osierdzia Bo\u017cego<\/strong><\/p>\n\n\n\n<div class=\"wp-block-media-text alignwide is-stacked-on-mobile\"><figure class=\"wp-block-media-text__media\"><img decoding=\"async\" src=\"https:\/\/www.faustyna.pl\/zmbm\/wp-content\/uploads\/2021\/06\/Lodz-Sankturium-BM.jpg\" alt=\"\" class=\"wp-image-20857 size-full\" \/><\/figure><div class=\"wp-block-media-text__content\">\n<p>Parafia Mi\u0142osierdzia Bo\u017cego<br>ul. K.K. Baczy\u0144skiego 156<br>91-170 \u0141\u00f3d\u017a<br>tel.: (42) 655 83 22<br>dekanat: \u0141\u00f3d\u017a-Teofil\u00f3w<br>archidiecezja \u0142\u00f3dzka<\/p>\n<\/div><\/div>\n\n\n\n<p><strong>MY\u015aLIB\u00d3RZ<br>Sanktuarium Mi\u0142osierdzia Bo\u017cego<\/strong><\/p>\n\n\n\n<div class=\"wp-block-media-text alignwide is-stacked-on-mobile\"><figure class=\"wp-block-media-text__media\"><img decoding=\"async\" src=\"https:\/\/www.faustyna.pl\/zmbm\/wp-content\/uploads\/2021\/06\/Mysliborz-Sanktuarium-BM.jpg\" alt=\"\" class=\"wp-image-20858 size-full\" \/><\/figure><div class=\"wp-block-media-text__content\">\n<p>Parafia pw. \u015awi\u0119tego Krzy\u017ca<br>ul. Ko\u015bcielna 17<br>74-300 My\u015blib\u00f3rz<br>tel.: (95) 747 32 05<br>fax: (95) 747 32 05<br>e-mail: kustosz@msmb.pl<br>archidiecezja szczeci\u0144sko-kamie\u0144ska<\/p>\n<\/div><\/div>\n\n\n\n<p><strong>OLSZTYN<br>Sanktuarium Mi\u0142osierdzia Bo\u017cego<\/strong><\/p>\n\n\n\n<div class=\"wp-block-media-text alignwide is-stacked-on-mobile\"><figure class=\"wp-block-media-text__media\"><img decoding=\"async\" src=\"https:\/\/www.faustyna.pl\/zmbm\/wp-content\/uploads\/2021\/06\/Olsztyn-sanktuarium-BM.jpg\" alt=\"\" class=\"wp-image-20859 size-full\" \/><\/figure><div class=\"wp-block-media-text__content\">\n<p>ul. Barcza 2<br>10-685 Olsztyn<br>tel.: (89) 542 85 58; (89) 542 98 55<br>e-mail: parafia@milosierdzieboze.olsztyn.pl<\/p>\n<\/div><\/div>\n\n\n\n<p><strong>OLSZTYN<br>Archidiecezjalne Sanktuarium Mi\u0142osierdzia Bo\u017cego przy ko\u015bciele \u015bw. J\u00f3zefa<\/strong><\/p>\n\n\n\n<p><\/p>\n\n\n\n<div class=\"wp-block-media-text is-stacked-on-mobile\"><figure class=\"wp-block-media-text__media\"><img loading=\"lazy\" decoding=\"async\" width=\"1024\" height=\"610\" src=\"https:\/\/xn--80aaxusgfg.com\/wp-content\/uploads\/sites\/6\/2025\/11\/Olsztyn_sanktuarium_MB_Jagiellonska.jpg\" alt=\"\" class=\"wp-image-13467 size-full\" srcset=\"https:\/\/xn--80aaxusgfg.com\/wp-content\/uploads\/sites\/6\/2025\/11\/Olsztyn_sanktuarium_MB_Jagiellonska.jpg 1024w, https:\/\/xn--80aaxusgfg.com\/wp-content\/uploads\/sites\/6\/2025\/11\/Olsztyn_sanktuarium_MB_Jagiellonska-560x334.jpg 560w, https:\/\/xn--80aaxusgfg.com\/wp-content\/uploads\/sites\/6\/2025\/11\/Olsztyn_sanktuarium_MB_Jagiellonska-140x83.jpg 140w, https:\/\/xn--80aaxusgfg.com\/wp-content\/uploads\/sites\/6\/2025\/11\/Olsztyn_sanktuarium_MB_Jagiellonska-768x458.jpg 768w\" sizes=\"auto, (max-width: 1024px) 100vw, 1024px\" \/><\/figure><div class=\"wp-block-media-text__content\">\n<p>ul. Jagiello\u0144ska 41<br>tel.: 89 526 27 52 (oraz numer 89 526 27 50).<br>e-mail: olsztyn.jozefa@archwarmia.pl<\/p>\n\n\n\n<p><\/p>\n<\/div><\/div>\n\n\n\n<p><strong>OSTROWIEC \u015aWI\u0118TOKRZYSKI<br>Sanktuarium Mi\u0142osierdzia Bo\u017cego<\/strong><\/p>\n\n\n\n<div class=\"wp-block-media-text alignwide is-stacked-on-mobile\"><figure class=\"wp-block-media-text__media\"><img decoding=\"async\" src=\"https:\/\/www.faustyna.pl\/zmbm\/wp-content\/uploads\/2021\/06\/Ostrowiec-swietokrzyski-Sanktuarium-BM.jpg\" alt=\"\" class=\"wp-image-20860 size-full\" \/><\/figure><div class=\"wp-block-media-text__content\">\n<p>Parafia Mi\u0142osierdzia Bo\u017cego<br>ul. Polna 3<br>27-400 Ostrowiec \u015awi\u0119tokrzyski<br>tel.: (041) 263 31 41<br>dekanat: Ostrowiec \u015awi\u0119tokrzyski<br>diecezja: sandomierska<\/p>\n<\/div><\/div>\n\n\n\n<p><strong>OSTR\u00d3W WIELKOPOLSKI<br>Sanktuarium Mi\u0142osierdzia Bo\u017cego<\/strong><\/p>\n\n\n\n<div class=\"wp-block-media-text alignwide is-stacked-on-mobile\"><figure class=\"wp-block-media-text__media\"><img decoding=\"async\" src=\"https:\/\/www.faustyna.pl\/zmbm\/wp-content\/uploads\/2021\/06\/Ostrow-Wielkopolski-Sanktuarium-BM.jpg\" alt=\"\" class=\"wp-image-20861 size-full\" \/><\/figure><div class=\"wp-block-media-text__content\">\n<p>ul. Limanowskiego 40<br>63-400 Ostr\u00f3w Wielkopolski<br>Polska<\/p>\n<\/div><\/div>\n\n\n\n<p><strong>O\u017bAR\u00d3W MAZOWIECKI<br>Sanktuarium Mi\u0142osierdzia Bo\u017cego<\/strong><\/p>\n\n\n\n<div class=\"wp-block-media-text alignwide is-stacked-on-mobile\"><figure class=\"wp-block-media-text__media\"><img decoding=\"async\" src=\"https:\/\/www.faustyna.pl\/zmbm\/wp-content\/uploads\/2021\/06\/Ozarow-Mazowiecki-Sanktuarium-BM.jpg\" alt=\"\" class=\"wp-image-20862 size-full\" \/><\/figure><div class=\"wp-block-media-text__content\">\n<p>Parafia Mi\u0142osierdzia Bo\u017cego<br>ul. Pozna\u0144ska 183<br>05-850 O\u017car\u00f3w Mazowiecki<br>tel.: (22) 722 10 88<br>fax: (22) 721 14 09<br>dekanat: lasecki<br>archidiecezja: warszawska<\/p>\n<\/div><\/div>\n\n\n\n<p>P\u0141OCK<br>Sanktuarium Mi\u0142osierdzia Bo\u017cego<\/p>\n\n\n\n<div class=\"wp-block-media-text alignwide is-stacked-on-mobile\"><figure class=\"wp-block-media-text__media\"><img decoding=\"async\" src=\"https:\/\/www.faustyna.pl\/zmbm\/wp-content\/uploads\/2021\/06\/Plock-Sanktuarium-BM.jpg\" alt=\"\" class=\"wp-image-20863 size-full\" \/><\/figure><div class=\"wp-block-media-text__content\">\n<p>Plac Stary Rynek 14\/18<br>09-404 P\u0142ock<br>tel.: (0-24) 262-58-83<br>fax: (0-24) 268-65-83<br>e-mail: zmbm.plock@faustyna.pl<\/p>\n<\/div><\/div>\n\n\n\n<p><strong>POZNA\u0143<br>Sanktuarium Mi\u0142osierdzia Bo\u017cego<\/strong><\/p>\n\n\n\n<div class=\"wp-block-media-text alignwide is-stacked-on-mobile\"><figure class=\"wp-block-media-text__media\"><img decoding=\"async\" src=\"https:\/\/www.faustyna.pl\/zmbm\/wp-content\/uploads\/2021\/06\/Poznan-Sanktuarium-BM.jpg\" alt=\"\" class=\"wp-image-20864 size-full\" \/><\/figure><div class=\"wp-block-media-text__content\">\n<p>os. Jana III Sobieskiego 116<br>60-688 Pozna\u0144<br>tel.: (61) 823-52-21<br>dekanat: Pozna\u0144 \u2013 Pi\u0105tkowo<br>archidiecezja: pozna\u0144ska<\/p>\n<\/div><\/div>\n\n\n\n<p>S\u0118DZISZ\u00d3W MA\u0141OPOLSKI<br><strong>Sanktuarium Mi\u0142osierdzia Bo\u017cego<\/strong><\/p>\n\n\n\n<div class=\"wp-block-media-text alignwide is-stacked-on-mobile\"><figure class=\"wp-block-media-text__media\"><img loading=\"lazy\" decoding=\"async\" width=\"1024\" height=\"610\" src=\"https:\/\/xn--80aaxusgfg.com\/wp-content\/uploads\/sites\/6\/2021\/10\/Sedziszow-Maloposlki-Sanktuarium-Bozego-Milosierdzia.jpg\" alt=\"\" class=\"wp-image-9025 size-full\" srcset=\"https:\/\/xn--80aaxusgfg.com\/wp-content\/uploads\/sites\/6\/2021\/10\/Sedziszow-Maloposlki-Sanktuarium-Bozego-Milosierdzia.jpg 1024w, https:\/\/xn--80aaxusgfg.com\/wp-content\/uploads\/sites\/6\/2021\/10\/Sedziszow-Maloposlki-Sanktuarium-Bozego-Milosierdzia-560x334.jpg 560w, https:\/\/xn--80aaxusgfg.com\/wp-content\/uploads\/sites\/6\/2021\/10\/Sedziszow-Maloposlki-Sanktuarium-Bozego-Milosierdzia-140x83.jpg 140w, https:\/\/xn--80aaxusgfg.com\/wp-content\/uploads\/sites\/6\/2021\/10\/Sedziszow-Maloposlki-Sanktuarium-Bozego-Milosierdzia-768x458.jpg 768w\" sizes=\"auto, (max-width: 1024px) 100vw, 1024px\" \/><\/figure><div class=\"wp-block-media-text__content\">\n<p>ul. Potockich 17<br>39-120 S\u0119dzisz\u00f3w Ma\u0142opolski<br>tel.: 501 239 865<br>e-mail: parafiamilosierdzia.sedziszowmlp@wp.pl<\/p>\n<\/div><\/div>\n\n\n\n<p><strong>SOKO\u0141\u00d3W PODLASKI<br>Sanktuarium Mi\u0142osierdzia Bo\u017cego<\/strong><\/p>\n\n\n\n<div class=\"wp-block-media-text alignwide is-stacked-on-mobile\"><figure class=\"wp-block-media-text__media\"><img decoding=\"async\" src=\"https:\/\/www.faustyna.pl\/zmbm\/wp-content\/uploads\/2021\/06\/Sokolow-Podlaski-Sanktuarium-BM.jpg\" alt=\"\" class=\"wp-image-20865 size-full\" \/><\/figure><div class=\"wp-block-media-text__content\">\n<p>skr. pocztowa 257<br>08-300 Soko\u0142\u00f3w Podlaski<br>tel.: (0-25) 787-33-44; 781-70-43<br>e-mail: sanktuariumsokolow@wp.pl<br>diecezja: drohiczy\u0144ska<\/p>\n<\/div><\/div>\n\n\n\n<p><strong>SOSNOWIEC<br>Sanktuarium Mi\u0142osierdzia Bo\u017cego<\/strong><\/p>\n\n\n\n<div class=\"wp-block-media-text alignwide is-stacked-on-mobile\"><figure class=\"wp-block-media-text__media\"><img decoding=\"async\" src=\"https:\/\/www.faustyna.pl\/zmbm\/wp-content\/uploads\/2021\/06\/Sosnowiec-Sanktuarium-BM.jpg\" alt=\"\" class=\"wp-image-20866 size-full\" \/><\/figure><div class=\"wp-block-media-text__content\">\n<p>Parafia pw. Mi\u0142osierdzia Bo\u017cego<br>ul. Jagiello\u0144ska 2a<br>41 \u2013 200 Sosnowiec<br>tel.: (032) 292 35 56; 292 36 15<br>diecezja: sosnowiecka<\/p>\n<\/div><\/div>\n\n\n\n<p><strong>SUWA\u0141KI<br>Sanktuarium Mi\u0142osierdzia Bo\u017cego<\/strong><\/p>\n\n\n\n<div class=\"wp-block-media-text alignwide is-stacked-on-mobile\"><figure class=\"wp-block-media-text__media\"><img decoding=\"async\" src=\"https:\/\/www.faustyna.pl\/zmbm\/wp-content\/uploads\/2021\/06\/Suwalki-Sanktuarium-BM.jpg\" alt=\"\" class=\"wp-image-20867 size-full\" \/><\/figure><div class=\"wp-block-media-text__content\">\n<p>Parafia Naj\u015bwi\u0119tszego Serca Pana Jezusa<br>ul. Ko\u015bciuszki 58<br>16-400 Suwa\u0142ki<\/p>\n<\/div><\/div>\n\n\n\n<p><strong>SZCZECIN<br>Sanktuarium Mi\u0142osierdzia Bo\u017cego<\/strong><\/p>\n\n\n\n<div class=\"wp-block-media-text alignwide is-stacked-on-mobile\"><figure class=\"wp-block-media-text__media\"><img decoding=\"async\" src=\"https:\/\/www.faustyna.pl\/zmbm\/wp-content\/uploads\/2021\/06\/Szczecin-Sanktuarium-BM.jpg\" alt=\"\" class=\"wp-image-20868 size-full\" \/><\/figure><div class=\"wp-block-media-text__content\">\n<p>Parafia pw. Mi\u0142osierdzia Bo\u017cego<br>ul. Przyjaci\u00f3\u0142 \u017bo\u0142nierza 45<br>71 \u2013 670 Szczecin<br>e-mail: milosierdzie.szczecin@gmail.com<br>diecezja: szczeci\u0144sko-kamie\u0144ska<\/p>\n<\/div><\/div>\n\n\n\n<p><strong>\u015aWIDNICA<br>Sanktuarium Mi\u0142osierdzia Bo\u017cego<\/strong><\/p>\n\n\n\n<div class=\"wp-block-media-text alignwide is-stacked-on-mobile\"><figure class=\"wp-block-media-text__media\"><img decoding=\"async\" src=\"https:\/\/www.faustyna.pl\/zmbm\/wp-content\/uploads\/2021\/06\/Swidnica-Sanktuarium-BM.jpg\" alt=\"\" class=\"wp-image-20869 size-full\" \/><\/figure><div class=\"wp-block-media-text__content\">\n<p>Parafia Naj\u015bwi\u0119tszej Maryi Panny Kr\u00f3lowej<br>ul. Pr\u0105dzy\u0144skiego 2<br>58-105 \u015awidnica<\/p>\n<\/div><\/div>\n\n\n\n<p><strong>\u015aWIEBODZIN<br>Sanktuarium Mi\u0142osierdzia Bo\u017cego<\/strong><\/p>\n\n\n\n<div class=\"wp-block-media-text alignwide is-stacked-on-mobile\"><figure class=\"wp-block-media-text__media\"><img decoding=\"async\" src=\"https:\/\/www.faustyna.pl\/zmbm\/wp-content\/uploads\/2021\/06\/Swiebodzin-Sanktuarium-BM.jpg\" alt=\"\" class=\"wp-image-20870 size-full\" \/><\/figure><div class=\"wp-block-media-text__content\">\n<p>Parafia Mi\u0142osierdzia Bo\u017cego<br>Osiedle \u0141u\u017cyckie 52<br>66-200 \u015awiebodzin<br>tel.: (068) 382-92-22<br>e-mail: sanktuarium.milosierdzia@gmail.com<\/p>\n<\/div><\/div>\n\n\n\n<p><strong>TORU\u0143<br>Diecezjalne Sanktuarium Mi\u0142osierdzia Bo\u017cego<\/strong><\/p>\n\n\n\n<div class=\"wp-block-media-text alignwide is-stacked-on-mobile\"><figure class=\"wp-block-media-text__media\"><img decoding=\"async\" src=\"https:\/\/www.faustyna.pl\/zmbm\/wp-content\/uploads\/2021\/06\/Sanktuarium-Torun-1.jpg\" alt=\"\" class=\"wp-image-20872 size-full\" \/><\/figure><div class=\"wp-block-media-text__content\">\n<p>Parafia p.w. Mi\u0142osierdzia Bo\u017cego i \u015bw. Siostry Faustyny<br>ul. \u015aw. Faustyny 7<br>87-100 Toru\u0144<br>tel.: (056) 639 44 06; 639 44 08; 639 44 09<br>diecezja: toru\u0144ska<\/p>\n<\/div><\/div>\n\n\n\n<p><strong>WARSZAWA-PRAGA<br>Sanktuarium Mi\u0142osierdzia Bo\u017cego<\/strong><\/p>\n\n\n\n<div class=\"wp-block-media-text alignwide is-stacked-on-mobile\"><figure class=\"wp-block-media-text__media\"><img decoding=\"async\" src=\"https:\/\/www.faustyna.pl\/zmbm\/wp-content\/uploads\/2021\/06\/Warszawa-Sanktuarium-BM.jpg\" alt=\"\" class=\"wp-image-20873 size-full\" \/><\/figure><div class=\"wp-block-media-text__content\">\n<p>Ko\u015bci\u00f3\u0142 pw. \u015bw. Micha\u0142a Archanio\u0142a i \u015bw. Floriana<br>Katedra \u2013 Bazylika Mniejsza<br>ul. Floria\u0144ska 3<br>03-707 Warszawa<br>tel.: (022) 619 09 60<br>e-mail: par_mif@wpraga.opoka.org.pl<br>diecezja: warszawsko-praska<\/p>\n<\/div><\/div>\n\n\n\n<p><strong>ZAWIERCIE<br>Sanktuarium Bo\u017cego Mi\u0142osierdzia i \u015awi\u0119tego Krzy\u017ca<\/strong><\/p>\n\n\n\n<div class=\"wp-block-media-text alignwide is-stacked-on-mobile\"><figure class=\"wp-block-media-text__media\"><img decoding=\"async\" src=\"https:\/\/www.faustyna.pl\/zmbm\/wp-content\/uploads\/2021\/06\/Zawiercie-Sanktuarium-BM.jpg\" alt=\"\" class=\"wp-image-20874 size-full\" \/><\/figure><div class=\"wp-block-media-text__content\">\n<p>ul.Wyspia\u0144skiego 20<br>42-400 Zawiercie<br>tel.: (32) 67 238 80<br>e-mail: t.wuj@neostrada.pl<\/p>\n<\/div><\/div>\n\n\n\n<p><\/p>\n","protected":false},"excerpt":{"rendered":"<p>BIA\u0141A PODLASKA Diecezjalne Sanktuarium Mi\u0142osierdzia Bo\u017cego Parafia pw. Chrystusa Mi\u0142osiernegoul. kard. Stefana Wyszy\u0144skiego 53\/5521-500 Bia\u0142a Podlaskatf.: (083) 344 04 17e-mail: dsmb@poczta.fmdiecezja: siedlecka BIA\u0141YSTOKSanktuarium Mi\u0142osierdzia Bo\u017cego Parafia Mi\u0142osierdzia Bo\u017cegoPl. B\u0142. Ks. Micha\u0142a Sopo\u0107ki 115-863 Bia\u0142ystoktel.: (85) 651 90 10; 651 42 69; 600 42 90 10e-mail: milosierdzie@bialystok.opoka.org.pldekanat: Bia\u0142ystok Bia\u0142ostoczekarchidiecezja: bia\u0142ostocka BIELSK PODLASKIDiecezjalne Sanktuarium Mi\u0142osierdzia Bo\u017cego ul. [&hellip;]<\/p>\n","protected":false},"author":1,"featured_media":0,"parent":0,"menu_order":0,"comment_status":"closed","ping_status":"closed","template":"","meta":{"footnotes":""},"categories":[41],"tags":[],"class_list":["post-461","page","type-page","status-publish","hentry","category-41"],"_links":{"self":[{"href":"https:\/\/xn--80aaxusgfg.com\/index.php?rest_route=\/wp\/v2\/pages\/461","targetHints":{"allow":["GET"]}}],"collection":[{"href":"https:\/\/xn--80aaxusgfg.com\/index.php?rest_route=\/wp\/v2\/pages"}],"about":[{"href":"https:\/\/xn--80aaxusgfg.com\/index.php?rest_route=\/wp\/v2\/types\/page"}],"author":[{"embeddable":true,"href":"https:\/\/xn--80aaxusgfg.com\/index.php?rest_route=\/wp\/v2\/users\/1"}],"replies":[{"embeddable":true,"href":"https:\/\/xn--80aaxusgfg.com\/index.php?rest_route=%2Fwp%2Fv2%2Fcomments&post=461"}],"version-history":[{"count":13,"href":"https:\/\/xn--80aaxusgfg.com\/index.php?rest_route=\/wp\/v2\/pages\/461\/revisions"}],"predecessor-version":[{"id":13468,"href":"https:\/\/xn--80aaxusgfg.com\/index.php?rest_route=\/wp\/v2\/pages\/461\/revisions\/13468"}],"wp:attachment":[{"href":"https:\/\/xn--80aaxusgfg.com\/index.php?rest_route=%2Fwp%2Fv2%2Fmedia&parent=461"}],"wp:term":[{"taxonomy":"category","embeddable":true,"href":"https:\/\/xn--80aaxusgfg.com\/index.php?rest_route=%2Fwp%2Fv2%2Fcategories&post=461"},{"taxonomy":"post_tag","embeddable":true,"href":"https:\/\/xn--80aaxusgfg.com\/index.php?rest_route=%2Fwp%2Fv2%2Ftags&post=461"}],"curies":[{"name":"wp","href":"https:\/\/api.w.org\/{rel}","templated":true}]}}