



{"id":424,"date":"2015-04-20T06:10:36","date_gmt":"2015-04-20T06:10:36","guid":{"rendered":"http:\/\/xn--80aaxusgfg.com\/?page_id=424"},"modified":"2026-04-09T11:56:23","modified_gmt":"2026-04-09T09:56:23","slug":"548-2","status":"publish","type":"page","link":"https:\/\/xn--80aaxusgfg.com\/?page_id=424","title":{"rendered":"\u041f\u043e\u0440\u044f\u0434\u043e\u043a \u0431\u043e\u0433\u043e\u0441\u043b\u0443\u0436\u0435\u043d\u0438\u0439"},"content":{"rendered":"<p style=\"text-align: center\"><span style=\"color: #800000\"><b><a href=\"https:\/\/xn--80aaxusgfg.com\/wp-content\/uploads\/sites\/6\/2015\/04\/Porzadek-nabozenstw-glowne-uroczystosci.jpg\" data-gallery><img loading=\"lazy\" decoding=\"async\" class=\"size-medium wp-image-2371 alignnone\" src=\"https:\/\/xn--80aaxusgfg.com\/wp-content\/uploads\/sites\/6\/2015\/04\/Porzadek-nabozenstw-glowne-uroczystosci-560x331.jpg\" alt=\"Porzadek nabozenstw - glowne uroczystosci\" width=\"560\" height=\"331\" srcset=\"https:\/\/xn--80aaxusgfg.com\/wp-content\/uploads\/sites\/6\/2015\/04\/Porzadek-nabozenstw-glowne-uroczystosci-560x331.jpg 560w, https:\/\/xn--80aaxusgfg.com\/wp-content\/uploads\/sites\/6\/2015\/04\/Porzadek-nabozenstw-glowne-uroczystosci-140x83.jpg 140w, https:\/\/xn--80aaxusgfg.com\/wp-content\/uploads\/sites\/6\/2015\/04\/Porzadek-nabozenstw-glowne-uroczystosci.jpg 1024w\" sizes=\"auto, (max-width: 560px) 100vw, 560px\" \/><\/a><\/b><\/span><\/p>\n<h3 style=\"text-align: center\"><span style=\"color: #800000\"><strong>\u041e\u0441\u043d\u043e\u0432\u043d\u044b\u0435 \u0442\u043e\u0440\u0436\u0435\u0441\u0442\u0432\u0430<\/strong><\/span><\/h3>\n<p style=\"clear: both\"><b><span style=\"text-decoration: underline\">\u041f\u0440\u0430\u0437\u0434\u043d\u0438\u043a \u041c\u0438\u043b\u043e\u0441\u0435\u0440\u0434\u0438\u044f<\/span> \u0432 \u043f\u0435\u0440\u0432\u043e\u0435 \u0432\u043e\u0441\u043a\u0440\u0435\u0441\u0435\u043d\u044c\u0435 \u043f\u043e\u0441\u043b\u0435 \u041f\u0430\u0441\u0445\u0438<\/b><\/p>\n<p style=\"text-align: justify\">\u041f\u0440\u0430\u0437\u0434\u043d\u0438\u043a\u0443 \u043f\u0440\u0435\u0434\u0448\u0435\u0441\u0442\u0432\u0443\u0435\u0442 \u043d\u043e\u0432\u0435\u043d\u043d\u0430, \u043a\u043e\u0442\u043e\u0440\u0430\u044f \u043d\u0430\u0447\u0438\u043d\u0430\u0435\u0442\u0441\u044f \u0432 \u0421\u0442\u0440\u0430\u0441\u0442\u043d\u0443\u044e \u043f\u044f\u0442\u043d\u0438\u0446\u0443 \u043f\u043e\u0441\u043b\u0435 \u043c\u043e\u043b\u0438\u0442\u0432\u044b \u0432 \u0427\u0430\u0441 \u041c\u0438\u043b\u043e\u0441\u0435\u0440\u0434\u0438\u044f (15:00).<\/p>\n<p>\u041d\u043e\u0447\u043d\u043e\u0439 \u043c\u043e\u043b\u0435\u0431\u0435\u043d \u043f\u0435\u0440\u0435\u0434 \u043f\u0440\u0430\u0437\u0434\u043d\u0438\u043a\u043e\u043c \u041c\u0438\u043b\u043e\u0441\u0435\u0440\u0434\u0438\u044f \u0432 \u0431\u0430\u0437\u0438\u043b\u0438\u043a\u0435 \u0441 21:00.<\/p>\n<p>\u041c\u0435\u0441\u0441\u044b: 6:00, 8:00, 10:00, 12:00, 16:30, 18:00 \u0432 \u0431\u0430\u0437\u0438\u043b\u0438\u043a\u0435 \u0438 \u043d\u0430 \u043f\u043e\u043b\u0435\u0432\u043e\u043c \u0430\u043b\u0442\u0430\u0440\u0435. \u0421 19:00 \u2013 \u0432 \u043c\u043e\u043d\u0430\u0441\u0442\u044b\u0440\u0441\u043a\u043e\u0439 \u0447\u0430\u0441\u043e\u0432\u043d\u0435.<\/p>\n<p>\u041c\u043e\u043b\u0438\u0442\u0432\u0430 \u0432 \u0427\u0430\u0441 \u041c\u0438\u043b\u043e\u0441\u0435\u0440\u0434\u0438\u044f \u0438 \u0412\u0435\u043d\u0447\u0438\u043a \u0411\u043e\u0436\u044c\u0435\u043c\u0443 \u041c\u0438\u043b\u043e\u0441\u0435\u0440\u0434\u0438\u044e \u2013 15:00.<\/p>\n<p><b><span style=\"text-decoration: underline\">5 \u043e\u043a\u0442\u044f\u0431\u0440\u044f<\/span> \u2013 \u043b\u0438\u0442\u0443\u0440\u0433\u0438\u0447\u0435\u0441\u043a\u043e\u0435 \u0442\u043e\u0440\u0436\u0435\u0441\u0442\u0432\u043e \u0441\u0432. \u0424\u0430\u0443\u0441\u0442\u0438\u043d\u044b<\/b><\/p>\n<p style=\"text-align: center\"><span style=\"color: #800000\"><b><a href=\"https:\/\/xn--80aaxusgfg.com\/wp-content\/uploads\/sites\/6\/2015\/04\/Porz\u0105dek-nabo\u017ce\u0144stw-kaplica.jpg\" data-gallery><img loading=\"lazy\" decoding=\"async\" class=\"size-medium wp-image-2372 alignnone\" src=\"https:\/\/xn--80aaxusgfg.com\/wp-content\/uploads\/sites\/6\/2015\/04\/Porz\u0105dek-nabo\u017ce\u0144stw-kaplica-560x322.jpg\" alt=\"Porz\u0105dek nabo\u017ce\u0144stw - kaplica\" width=\"560\" height=\"322\" srcset=\"https:\/\/xn--80aaxusgfg.com\/wp-content\/uploads\/sites\/6\/2015\/04\/Porz\u0105dek-nabo\u017ce\u0144stw-kaplica-560x322.jpg 560w, https:\/\/xn--80aaxusgfg.com\/wp-content\/uploads\/sites\/6\/2015\/04\/Porz\u0105dek-nabo\u017ce\u0144stw-kaplica-140x81.jpg 140w, https:\/\/xn--80aaxusgfg.com\/wp-content\/uploads\/sites\/6\/2015\/04\/Porz\u0105dek-nabo\u017ce\u0144stw-kaplica.jpg 1024w\" sizes=\"auto, (max-width: 560px) 100vw, 560px\" \/><\/a><\/b><\/span><\/p>\n<h3 style=\"text-align: center\"><span style=\"color: #800000\"><strong>\u041f\u043e\u0440\u044f\u0434\u043e\u043a \u0431\u043e\u0433\u043e\u0441\u043b\u0443\u0436\u0435\u043d\u0438\u0439 \u0432 \u0447\u0430\u0441\u043e\u0432\u043d\u0435<\/strong><\/span><\/h3>\n<p style=\"clear: both\"><b><span style=\"text-decoration: underline\">\u041f\u043e \u0431\u0443\u0434\u043d\u0438\u0447\u043d\u044b\u043c \u0434\u043d\u044f\u043c<\/span><\/b><\/p>\n<table border=\"0\">\n<tbody>\n<tr>\n<td align=\"right\">6:30<\/td>\n<td>\u2013 \u041c\u0435\u0441\u0441\u0430<\/td>\n<\/tr>\n<tr>\n<td align=\"right\">7:15<\/td>\n<td>\u2013 \u0423\u0442\u0440\u0435\u043d\u044f<\/td>\n<\/tr>\n<tr>\n<td align=\"right\">12:00<\/td>\n<td>\u2013 \u0412\u044b\u0441\u0442\u0430\u0432\u043b\u0435\u043d\u0438\u0435 \u0421\u0432\u044f\u0442\u044b\u0445 \u0414\u0430\u0440\u043e\u0432 \u0438 \u0430\u0434\u043e\u0440\u0430\u0446\u0438\u044f \u0434\u043e 17:00<\/td>\n<\/tr>\n<tr>\n<td align=\"right\">15:00<\/td>\n<td>\u2013 \u041c\u043e\u043b\u0438\u0442\u0432\u0430 \u0432 \u0427\u0430\u0441 \u041c\u0438\u043b\u043e\u0441\u0435\u0440\u0434\u0438\u044f \u0438 \u0412\u0435\u043d\u0447\u0438\u043a \u0411\u043e\u0436\u044c\u0435\u043c\u0443 \u041c\u0438\u043b\u043e\u0441\u0435\u0440\u0434\u0438\u044e<\/td>\n<\/tr>\n<tr>\n<td align=\"right\">17:00<\/td>\n<td>\u2013 \u041c\u0435\u0441\u0441\u0430<\/td>\n<\/tr>\n<tr>\n<td align=\"right\">18:40<\/td>\n<td>\u2013 \u0412\u0435\u0447\u0435\u0440\u043d\u044f<\/td>\n<\/tr>\n<tr>\n<td align=\"right\">19:00<\/td>\n<td>\u2013 \u0411\u043e\u0433\u043e\u0441\u043b\u0443\u0436\u0435\u043d\u0438\u0435<br \/>\n\u2013 \u041f\u043e\u0432\u0435\u0447\u0435\u0440\u0438\u0435<\/td>\n<\/tr>\n<tr>\n<td align=\"right\">20:30<\/td>\n<td>\u2013 \u0420\u043e\u0437\u0430\u0440\u0438\u0439<\/td>\n<\/tr>\n<tr>\n<td align=\"right\">21:00<\/td>\n<td>\u2013 \u0412\u043e\u0437\u0437\u0432\u0430\u043d\u0438\u0435 \u043a \u0414\u0435\u0432\u0435 \u041c\u0430\u0440\u0438\u0438<\/td>\n<\/tr>\n<\/tbody>\n<\/table>\n<p><b><span style=\"text-decoration: underline\">\u041f\u043e \u0432\u043e\u0441\u043a\u0440\u0435\u0441\u0435\u043d\u044c\u044f\u043c \u0438 \u043f\u0440\u0430\u0437\u0434\u043d\u0438\u043a\u0430\u043c<\/span><\/b><\/p>\n<table border=\"0\">\n<tbody>\n<tr>\n<td align=\"right\">7:00<\/td>\n<td>\u2013 \u041c\u0435\u0441\u0441\u0430 (\u0442\u0440\u0430\u043d\u0441\u043b\u044f\u0446\u0438\u044f TVP 1)<\/td>\n<\/tr>\n<tr>\n<td align=\"right\">8:30<\/td>\n<td>\u2013 \u041c\u0435\u0441\u0441\u0430<\/td>\n<\/tr>\n<tr>\n<td>\u00a012:00<\/td>\n<td>\u2013 \u041c\u0435\u0441\u0441\u0430 \u043d\u0430 \u0430\u043d\u0433\u043b\u0438\u0439\u0441\u043a\u043e\u043c \u044f\u0437\u044b\u043a\u0435<\/td>\n<\/tr>\n<tr>\n<td align=\"right\"><\/td>\n<td>\u2013 \u0412\u044b\u0441\u0442\u0430\u0432\u043b\u0435\u043d\u0438\u0435 \u0421\u0432\u044f\u0442\u044b\u0445 \u0414\u0430\u0440\u043e\u0432 \u0438 \u0430\u0434\u043e\u0440\u0430\u0446\u0438\u044f \u0434\u043e 19:00<\/td>\n<\/tr>\n<tr>\n<td align=\"right\">15:00<\/td>\n<td>\u2013 \u041c\u043e\u043b\u0438\u0442\u0432\u0430 \u0432 \u0447\u0430\u0441 \u041c\u0438\u043b\u043e\u0441\u0435\u0440\u0434\u0438\u044f \u0438 \u0412\u0435\u043d\u0447\u0438\u043a \u0411\u043e\u0436\u044c\u0435\u043c\u0443 \u041c\u0438\u043b\u043e\u0441\u0435\u0440\u0434\u0438\u044e<\/td>\n<\/tr>\n<tr>\n<td align=\"right\">19:00<\/td>\n<td>\u2013 \u041c\u0435\u0441\u0441\u0430<\/td>\n<\/tr>\n<tr>\n<td align=\"right\">20:30<\/td>\n<td>\u2013 \u0420\u043e\u0437\u0430\u0440\u0438\u0439<\/td>\n<\/tr>\n<tr>\n<td align=\"right\">21:00<\/td>\n<td>\u2013 \u0412\u043e\u0437\u0437\u0432\u0430\u043d\u0438\u0435 \u043a \u0414\u0435\u0432\u0435 \u041c\u0430\u0440\u0438\u0438<\/td>\n<\/tr>\n<\/tbody>\n<\/table>\n<p><span style=\"text-decoration: underline\"><strong><br \/>\n\u0418\u0441\u043f\u043e\u0432\u0435\u0434\u044c<\/strong><\/span><br \/>\n\u0411\u0443\u0434\u043d\u0438\u0435 \u0434\u043d\u0438: 6:00-6:30; 14:30-15:30; 17:00-17:30<br \/>\n\u0412\u043e\u0441\u043a\u0440\u0435\u0441\u0435\u043d\u044c\u044f \u0438 \u043f\u0440\u0430\u0437\u0434\u043d\u0438\u043a\u0438: 7.00-7.00-30, 8.00-8.25, 14.30-15.30, 18.30-18.55<\/p>\n<p><b><span style=\"text-decoration: underline\">\u041f\u043e \u0447\u0435\u0442\u0432\u0435\u0440\u0433\u0430\u043c<\/span><\/b><br \/>\n17:00 \u2013 \u0412\u043e\u0442\u0438\u0432\u043d\u0430\u044f \u041c\u0435\u0441\u0441\u0430 \u043a \u0411\u043e\u0436\u044c\u0435\u043c\u0443 \u041c\u0438\u043b\u043e\u0441\u0435\u0440\u0434\u0438\u044e \u0432\u043e \u0432\u0441\u0435\u0445 \u043f\u0440\u043e\u0441\u0438\u0442\u0435\u043b\u044c\u043d\u044b\u0445<br \/>\n\u0438 \u0431\u043b\u0430\u0433\u043e\u0434\u0430\u0440\u0441\u0442\u0432\u0435\u043d\u043d\u044b\u0445 \u0438\u043d\u0442\u0435\u043d\u0446\u0438\u044f\u0445<\/p>\n<p><b><span style=\"text-decoration: underline\">I \u043f\u044f\u0442\u043d\u0438\u0446\u0430 \u043c\u0435\u0441\u044f\u0446\u0430<\/span><\/b><br \/>\n19:00 \u2013 \u041c\u0435\u0441\u0441\u0430<\/p>\n<p><b><span style=\"text-decoration: underline\">III \u043f\u044f\u0442\u043d\u0438\u0446\u0430 \u043c\u0435\u0441\u044f\u0446\u0430<\/span><\/b><br \/>\n17:00 \u2013 \u0412\u043e\u0442\u0438\u0432\u043d\u0430\u044f \u041c\u0435\u0441\u0441\u0430 \u043a \u0411\u043e\u0436\u044c\u0435\u043c\u0443 \u041c\u0438\u043b\u043e\u0441\u0435\u0440\u0434\u0438\u044e \u0437\u0430 \u0431\u043b\u0430\u0433\u043e\u043f\u043e\u043b\u0443\u0447\u0438\u0435 \u041e\u0442\u0447\u0438\u0437\u043d\u044b, \u0432\u0441\u0435\u0433\u043e \u043c\u0438\u0440\u0430 \u0438 \u0431\u043b\u0430\u0433\u043e\u0434\u0435\u0442\u0435\u043b\u0435\u0439<\/p>\n<p><span style=\"color: #800000\"><b><span style=\"text-decoration: underline\">\u0412\u043d\u0438\u043c\u0430\u043d\u0438\u0435!<\/span><\/b><br \/>\n<strong>\u0423\u0431\u043e\u0440\u043a\u0430 \u0447\u0430\u0441\u043e\u0432\u043d\u0438 \u2013 \u043f\u043e \u043f\u043e\u043d\u0435\u0434\u0435\u043b\u044c\u043d\u0438\u043a\u0430\u043c \u0432 \u043f\u0435\u0440\u0432\u0443\u044e \u043f\u043e\u043b\u043e\u0432\u0438\u043d\u0443 \u0434\u043d\u044f<\/strong><\/span><\/p>\n<p>&nbsp;<\/p>\n<p style=\"text-align: center\"><span style=\"color: #800000\"><b><a href=\"https:\/\/xn--80aaxusgfg.com\/wp-content\/uploads\/sites\/6\/2015\/04\/Porz\u0105dek-nabo\u017ce\u0144stw-bazylika.jpg\" data-gallery><img loading=\"lazy\" decoding=\"async\" class=\"size-medium wp-image-2373 alignnone\" src=\"https:\/\/xn--80aaxusgfg.com\/wp-content\/uploads\/sites\/6\/2015\/04\/Porz\u0105dek-nabo\u017ce\u0144stw-bazylika-560x320.jpg\" alt=\"Porz\u0105dek nabo\u017ce\u0144stw - bazylika\" width=\"560\" height=\"320\" srcset=\"https:\/\/xn--80aaxusgfg.com\/wp-content\/uploads\/sites\/6\/2015\/04\/Porz\u0105dek-nabo\u017ce\u0144stw-bazylika-560x320.jpg 560w, https:\/\/xn--80aaxusgfg.com\/wp-content\/uploads\/sites\/6\/2015\/04\/Porz\u0105dek-nabo\u017ce\u0144stw-bazylika-140x80.jpg 140w, https:\/\/xn--80aaxusgfg.com\/wp-content\/uploads\/sites\/6\/2015\/04\/Porz\u0105dek-nabo\u017ce\u0144stw-bazylika.jpg 1024w\" sizes=\"auto, (max-width: 560px) 100vw, 560px\" \/><\/a><\/b><\/span><\/p>\n<h3 style=\"text-align: center\"><span style=\"color: #800000\"><strong>\u041f\u043e\u0440\u044f\u0434\u043e\u043a \u0431\u043e\u0433\u043e\u0441\u043b\u0443\u0436\u0435\u043d\u0438\u0439 \u0432 \u0431\u0430\u0437\u0438\u043b\u0438\u043a\u0435<\/strong><\/span><\/h3>\n<p style=\"clear: both\"><b><span style=\"text-decoration: underline\">\u041f\u043e \u0431\u0443\u0434\u043d\u0438\u0447\u043d\u044b\u043c \u0434\u043d\u044f\u043c<\/span><\/b><\/p>\n<table border=\"0\">\n<tbody>\n<tr>\n<td align=\"right\">9:00<\/td>\n<td>\u2013 \u041c\u0435\u0441\u0441\u0430<\/td>\n<\/tr>\n<tr>\n<td align=\"right\">10:30<\/td>\n<td>\u2013 \u041c\u0435\u0441\u0441\u0430<\/td>\n<\/tr>\n<tr>\n<td align=\"right\">12:00<\/td>\n<td>\u2013 \u041c\u0435\u0441\u0441\u0430<\/td>\n<\/tr>\n<tr>\n<td align=\"right\">15:00<\/td>\n<td>\u2013 \u041c\u043e\u043b\u0438\u0442\u0432\u0430 \u0432 \u0427\u0430\u0441 \u041c\u0438\u043b\u043e\u0441\u0435\u0440\u0434\u0438\u044f \u0438 \u0412\u0435\u043d\u0447\u0438\u043a \u0411\u043e\u0436\u044c\u0435\u043c\u0443 \u041c\u0438\u043b\u043e\u0441\u0435\u0440\u0434\u0438\u044e<\/td>\n<\/tr>\n<tr>\n<td align=\"right\">15:20<\/td>\n<td>\u2013 \u041c\u0435\u0441\u0441\u0430<\/td>\n<\/tr>\n<\/tbody>\n<\/table>\n<table>\n<tbody>\n<tr>\n<td>18:00<\/td>\n<td>\u2013 \u041c\u0435\u0441\u0441\u0430<\/td>\n<\/tr>\n<\/tbody>\n<\/table>\n<p><b><span style=\"text-decoration: underline\">\u041f\u043e \u0432\u043e\u0441\u043a\u0440\u0435\u0441\u0435\u043d\u044c\u044f\u043c \u0438 \u043f\u0440\u0430\u0437\u0434\u043d\u0438\u043a\u0430\u043c<\/span><\/b><\/p>\n<table border=\"0\">\n<tbody>\n<tr>\n<td align=\"right\">9:00<\/td>\n<td>\u2013 \u041c\u0435\u0441\u0441\u0430<\/td>\n<\/tr>\n<tr>\n<td align=\"right\">10:30<\/td>\n<td>\u2013 \u041c\u0435\u0441\u0441\u0430<\/td>\n<\/tr>\n<tr>\n<td align=\"right\">12:00<\/td>\n<td>\u2013 \u041c\u0435\u0441\u0441\u0430<\/td>\n<\/tr>\n<tr>\n<td align=\"right\">13:30<\/td>\n<td>\u2013 \u041c\u0435\u0441\u0441\u0430<\/td>\n<\/tr>\n<tr>\n<td align=\"right\">15:00<\/td>\n<td>\u2013 \u041c\u043e\u043b\u0438\u0442\u0432\u0430 \u0432 \u0427\u0430\u0441 \u041c\u0438\u043b\u043e\u0441\u0435\u0440\u0434\u0438\u044f \u0438 \u0412\u0435\u043d\u0447\u0438\u043a \u0411\u043e\u0436\u044c\u0435\u043c\u0443 \u041c\u0438\u043b\u043e\u0441\u0435\u0440\u0434\u0438\u044e<\/td>\n<\/tr>\n<tr>\n<td align=\"right\">15:20<\/td>\n<td>\u2013 \u041c\u0435\u0441\u0441\u0430<\/td>\n<\/tr>\n<tr>\n<td align=\"right\">18:00<\/td>\n<td>\u2013 \u041c\u0435\u0441\u0441\u0430<\/td>\n<\/tr>\n<\/tbody>\n<\/table>\n<p><span style=\"text-decoration: underline\"><strong>\u0418\u0441\u043f\u043e\u0432\u0435\u0434\u044c<br \/>\n<\/strong><\/span>\u0411\u0443\u0434\u043d\u0438\u0435 \u0434\u043d\u0438: 8:30-18:00<br \/>\n\u0412\u043e\u0441\u043a\u0440\u0435\u0441\u0435\u043d\u044c\u044f \u0438 \u043f\u0440\u0430\u0437\u0434\u043d\u0438\u043a\u0438: 9.00-19.00<br \/>\n\u0415\u0436\u0435\u0434\u043d\u0435\u0432\u043d\u043e \u043d\u0430 \u0441\u043b\u0435\u0434\u0443\u044e\u0449\u0438\u0445 \u044f\u0437\u044b\u043a\u0430\u0445: \u0430\u043d\u0433\u043b\u0438\u0439\u0441\u043a\u043e\u043c, \u0438\u0441\u043f\u0430\u043d\u0441\u043a\u043e\u043c, \u0444\u0440\u0430\u043d\u0446\u0443\u0437\u0441\u043a\u043e\u043c, \u0438\u0442\u0430\u043b\u044c\u044f\u043d\u0441\u043a\u043e\u043c, \u043d\u0435\u043c\u0435\u0446\u043a\u043e\u043c: 10:30\u201312:30, 14:30\u201316:30<\/p>\n<p><span style=\"text-decoration: underline\"><strong>\u041a\u0440\u0443\u0433\u043b\u043e\u0441\u0443\u0442\u043e\u0447\u043d\u0430\u044f \u0430\u0434\u043e\u0440\u0430\u0446\u0438\u044f<\/strong><\/span> \u0432 \u0447\u0430\u0441\u043e\u0432\u043d\u0435 \u041d\u0435\u043f\u0440\u0435\u0440\u044b\u0432\u043d\u043e\u0433\u043e \u043f\u043e\u043a\u043b\u043e\u043d\u0435\u043d\u0438\u044f<\/p>\n<p><b><span style=\"text-decoration: underline\">\u0412\u0435\u043b\u0438\u043a\u0438\u0439 \u041f\u043e\u0441\u0442 \u2013 \u043f\u043e \u043f\u044f\u0442\u043d\u0438\u0446\u0430\u043c<\/span><\/b><br \/>\n16:00 \u2013 \u041a\u0440\u0435\u0441\u0442\u043d\u044b\u0439 \u041f\u0443\u0442\u044c, \u043f\u043e\u0441\u043b\u0435 \u043d\u0435\u0433\u043e \u041c\u0435\u0441\u0441\u0430<\/p>\n<p><b><span style=\"text-decoration: underline\">\u0412\u0435\u043b\u0438\u043a\u0438\u0439 \u041f\u043e\u0441\u0442 \u2013 \u043f\u043e \u0432\u043e\u0441\u043a\u0440\u0435\u0441\u0435\u043d\u044c\u044f\u043c<\/span><\/b><br \/>\n15:20 \u2013 \u041f\u0430\u0441\u0441\u0438\u0439\u043d\u043e\u0435 \u0431\u043e\u0433\u043e\u0441\u043b\u0443\u0436\u0435\u043d\u0438\u0435 \u00ab\u0413\u043e\u0440\u044c\u043a\u043e\u0435 \u043f\u043e\u043a\u0430\u044f\u043d\u0438\u0435\u00bb \u0441 \u043f\u0440\u043e\u043f\u043e\u0432\u0435\u0434\u044c\u044e<br \/>\n\u043e \u0421\u0442\u0440\u0430\u0441\u0442\u044f\u0445 \u0425\u0440\u0438\u0441\u0442\u043e\u0432\u044b\u0445, \u043f\u043e\u0441\u043b\u0435 \u2013 \u0421\u0432\u044f\u0442\u0430\u044f \u041c\u0435\u0441\u0441\u0430.<\/p>\n<p><a href=\"https:\/\/xn--80aaxusgfg.com\/?page_id=228\">\u0421\u0430\u043d\u043a\u0442\u0443\u0430\u0440\u0438\u0438\/\u0421\u0432\u044f\u0442\u0438\u043b\u0438\u0449\u0435 \u0411\u043e\u0436\u044c\u0435\u0433\u043e \u041c\u0438\u043b\u043e\u0441\u0435\u0440\u0434\u0438\u044f \u0432 \u041a\u0440\u0430\u043a\u043e\u0432\u0435-\u041b\u0430\u0433\u0435\u0432\u043d\u0438\u043a\u0430\u0445<\/a><\/p>\n","protected":false},"excerpt":{"rendered":"<p>\u041e\u0441\u043d\u043e\u0432\u043d\u044b\u0435 \u0442\u043e\u0440\u0436\u0435\u0441\u0442\u0432\u0430 \u041f\u0440\u0430\u0437\u0434\u043d\u0438\u043a \u041c\u0438\u043b\u043e\u0441\u0435\u0440\u0434\u0438\u044f \u0432 \u043f\u0435\u0440\u0432\u043e\u0435 \u0432\u043e\u0441\u043a\u0440\u0435\u0441\u0435\u043d\u044c\u0435 \u043f\u043e\u0441\u043b\u0435 \u041f\u0430\u0441\u0445\u0438 \u041f\u0440\u0430\u0437\u0434\u043d\u0438\u043a\u0443 \u043f\u0440\u0435\u0434\u0448\u0435\u0441\u0442\u0432\u0443\u0435\u0442 \u043d\u043e\u0432\u0435\u043d\u043d\u0430, \u043a\u043e\u0442\u043e\u0440\u0430\u044f \u043d\u0430\u0447\u0438\u043d\u0430\u0435\u0442\u0441\u044f \u0432 \u0421\u0442\u0440\u0430\u0441\u0442\u043d\u0443\u044e \u043f\u044f\u0442\u043d\u0438\u0446\u0443 \u043f\u043e\u0441\u043b\u0435 \u043c\u043e\u043b\u0438\u0442\u0432\u044b \u0432 \u0427\u0430\u0441 \u041c\u0438\u043b\u043e\u0441\u0435\u0440\u0434\u0438\u044f (15:00). \u041d\u043e\u0447\u043d\u043e\u0439 \u043c\u043e\u043b\u0435\u0431\u0435\u043d \u043f\u0435\u0440\u0435\u0434 \u043f\u0440\u0430\u0437\u0434\u043d\u0438\u043a\u043e\u043c \u041c\u0438\u043b\u043e\u0441\u0435\u0440\u0434\u0438\u044f \u0432 \u0431\u0430\u0437\u0438\u043b\u0438\u043a\u0435 \u0441 21:00. \u041c\u0435\u0441\u0441\u044b: 6:00, 8:00, 10:00, 12:00, 16:30, 18:00 \u0432 \u0431\u0430\u0437\u0438\u043b\u0438\u043a\u0435 \u0438 \u043d\u0430 \u043f\u043e\u043b\u0435\u0432\u043e\u043c \u0430\u043b\u0442\u0430\u0440\u0435. \u0421 19:00 \u2013 \u0432 \u043c\u043e\u043d\u0430\u0441\u0442\u044b\u0440\u0441\u043a\u043e\u0439 \u0447\u0430\u0441\u043e\u0432\u043d\u0435. \u041c\u043e\u043b\u0438\u0442\u0432\u0430 \u0432 \u0427\u0430\u0441 \u041c\u0438\u043b\u043e\u0441\u0435\u0440\u0434\u0438\u044f [&hellip;]<\/p>\n","protected":false},"author":1,"featured_media":0,"parent":0,"menu_order":0,"comment_status":"closed","ping_status":"closed","template":"","meta":{"footnotes":""},"categories":[37],"tags":[],"class_list":["post-424","page","type-page","status-publish","hentry","category-37"],"_links":{"self":[{"href":"https:\/\/xn--80aaxusgfg.com\/index.php?rest_route=\/wp\/v2\/pages\/424","targetHints":{"allow":["GET"]}}],"collection":[{"href":"https:\/\/xn--80aaxusgfg.com\/index.php?rest_route=\/wp\/v2\/pages"}],"about":[{"href":"https:\/\/xn--80aaxusgfg.com\/index.php?rest_route=\/wp\/v2\/types\/page"}],"author":[{"embeddable":true,"href":"https:\/\/xn--80aaxusgfg.com\/index.php?rest_route=\/wp\/v2\/users\/1"}],"replies":[{"embeddable":true,"href":"https:\/\/xn--80aaxusgfg.com\/index.php?rest_route=%2Fwp%2Fv2%2Fcomments&post=424"}],"version-history":[{"count":15,"href":"https:\/\/xn--80aaxusgfg.com\/index.php?rest_route=\/wp\/v2\/pages\/424\/revisions"}],"predecessor-version":[{"id":13787,"href":"https:\/\/xn--80aaxusgfg.com\/index.php?rest_route=\/wp\/v2\/pages\/424\/revisions\/13787"}],"wp:attachment":[{"href":"https:\/\/xn--80aaxusgfg.com\/index.php?rest_route=%2Fwp%2Fv2%2Fmedia&parent=424"}],"wp:term":[{"taxonomy":"category","embeddable":true,"href":"https:\/\/xn--80aaxusgfg.com\/index.php?rest_route=%2Fwp%2Fv2%2Fcategories&post=424"},{"taxonomy":"post_tag","embeddable":true,"href":"https:\/\/xn--80aaxusgfg.com\/index.php?rest_route=%2Fwp%2Fv2%2Ftags&post=424"}],"curies":[{"name":"wp","href":"https:\/\/api.w.org\/{rel}","templated":true}]}}