



{"id":392,"date":"2015-04-19T20:07:36","date_gmt":"2015-04-19T20:07:36","guid":{"rendered":"http:\/\/xn--80aaxusgfg.com\/?page_id=392"},"modified":"2023-03-09T10:34:04","modified_gmt":"2023-03-09T09:34:04","slug":"467-2","status":"publish","type":"page","link":"https:\/\/xn--80aaxusgfg.com\/?page_id=392","title":{"rendered":"\u0412\u0435\u043d\u0447\u0438\u043a \u0411\u043e\u0436\u044c\u0435\u0439 \u041c\u0430\u0442\u0435\u0440\u0438 \u041c\u0438\u043b\u043e\u0441\u0435\u0440\u0434\u0438\u044f"},"content":{"rendered":"<p style=\"margin: 0px;text-indent: 0px;text-align: left\" align=\"center\"><strong><a href=\"https:\/\/xn--80aaxusgfg.com\/wp-content\/uploads\/sites\/6\/2015\/04\/Maryja-Matka-Milosierdzia-Lagiewniki.jpg\" data-gallery><img loading=\"lazy\" decoding=\"async\" class=\"size-medium wp-image-3722 aligncenter\" src=\"https:\/\/xn--80aaxusgfg.com\/wp-content\/uploads\/sites\/6\/2015\/04\/Maryja-Matka-Milosierdzia-Lagiewniki-560x331.jpg\" alt=\"\" width=\"560\" height=\"331\" srcset=\"https:\/\/xn--80aaxusgfg.com\/wp-content\/uploads\/sites\/6\/2015\/04\/Maryja-Matka-Milosierdzia-Lagiewniki-560x331.jpg 560w, https:\/\/xn--80aaxusgfg.com\/wp-content\/uploads\/sites\/6\/2015\/04\/Maryja-Matka-Milosierdzia-Lagiewniki-140x83.jpg 140w, https:\/\/xn--80aaxusgfg.com\/wp-content\/uploads\/sites\/6\/2015\/04\/Maryja-Matka-Milosierdzia-Lagiewniki.jpg 1024w\" sizes=\"auto, (max-width: 560px) 100vw, 560px\" \/><\/a><\/strong><\/p>\n<p style=\"margin: 0px;text-indent: 40px\" align=\"center\"><strong><br \/>\n(<em>\u0441\u043e\u0441\u0442\u043e\u0438\u0442 \u0438\u0437 \u0442\u0440\u0451\u0445 \u0434\u0435\u0441\u044f\u0442\u043a\u043e\u0432<\/em>)<\/strong><\/p>\n<p style=\"margin: 0px;text-indent: 0px\" align=\"justify\"><em><b>\u0412 \u043d\u0430\u0447\u0430\u043b\u0435:<\/b><\/em><\/p>\n<p style=\"margin: 0px;text-indent: 0px\" align=\"justify\">\u0421\u043b\u0430\u0432\u044c\u0441\u044f, \u0426\u0430\u0440\u0438\u0446\u0430, \u041c\u0430\u0442\u0435\u0440\u044c \u043c\u0438\u043b\u043e\u0441\u0435\u0440\u0434\u0438\u044f, \u0436\u0438\u0437\u043d\u044c, \u043e\u0442\u0440\u0430\u0434\u0430 \u0438 \u043d\u0430\u0434\u0435\u0436\u0434\u0430 \u043d\u0430\u0448\u0430, \u0441\u043b\u0430\u0432\u044c\u0441\u044f. \u041a \u0422\u0435\u0431\u0435 \u0432\u0437\u044b\u0432\u0430\u0435\u043c \u0432 \u0438\u0437\u0433\u043d\u0430\u043d\u0438\u0438, \u0447\u0430\u0434\u0430 \u0415\u0432\u044b, \u043a \u0422\u0435\u0431\u0435 \u0432\u043e\u0437\u0434\u044b\u0445\u0430\u0435\u043c, \u0441\u0442\u0435\u043d\u0430\u044f \u0438 \u043f\u043b\u0430\u0447\u0430 \u0432 \u044d\u0442\u043e\u0439 \u0434\u043e\u043b\u0438\u043d\u0435 \u0441\u043b\u0451\u0437. \u041e \u0417\u0430\u0441\u0442\u0443\u043f\u043d\u0438\u0446\u0430 \u043d\u0430\u0448\u0430! \u041a \u043d\u0430\u043c \u0443\u0441\u0442\u0440\u0435\u043c\u0438 \u0422\u0432\u043e\u0435\u0433\u043e \u043c\u0438\u043b\u043e\u0441\u0435\u0440\u0434\u0438\u044f \u0432\u0437\u043e\u0440\u044b, \u0438 \u0418\u0438\u0441\u0443\u0441\u0430, \u0431\u043b\u0430\u0433\u043e\u0441\u043b\u043e\u0432\u0435\u043d\u043d\u044b\u0439 \u043f\u043b\u043e\u0434 \u0447\u0440\u0435\u0432\u0430 \u0422\u0432\u043e\u0435\u0433\u043e, \u044f\u0432\u0438 \u043d\u0430\u043c \u043f\u043e\u0441\u043b\u0435 \u044d\u0442\u043e\u0433\u043e \u0438\u0437\u0433\u043d\u0430\u043d\u0438\u044f. \u041e \u043a\u0440\u043e\u0442\u043e\u0441\u0442\u044c, \u043e \u043c\u0438\u043b\u043e\u0441\u0442\u044c, \u043e \u043e\u0442\u0440\u0430\u0434\u0430, \u0414\u0435\u0432\u0430 \u041c\u0430\u0440\u0438\u044f.<\/p>\n<p><em><b>\u041d\u0430 \u0431\u043e\u043b\u044c\u0448\u0438\u0445 \u0431\u0443\u0441\u0438\u043d\u0430\u0445:<\/b><\/em><\/p>\n<p style=\"margin: 0px;text-indent: 0px\" align=\"justify\">\u041c\u0430\u0440\u0438\u044f, \u041c\u0430\u0442\u0435\u0440\u044c \u043c\u0438\u043b\u043e\u0441\u0442\u0438 \u0438 \u041c\u0430\u0442\u0435\u0440\u044c \u041c\u0438\u043b\u043e\u0441\u0435\u0440\u0434\u0438\u044f, \u0437\u0430\u0449\u0438\u0442\u0438 \u043d\u0430\u0441 \u043e\u0442 \u043d\u0435\u043f\u0440\u0438\u044f\u0442\u0435\u043b\u0435\u0439, \u0438 \u0432 \u0447\u0430\u0441 \u0441\u043c\u0435\u0440\u0442\u043d\u044b\u0439 \u043f\u0440\u0438\u043c\u0438 \u043d\u0430\u0441. (1 \u0440\u0430\u0437)<\/p>\n<p><em><b>\u041d\u0430 \u043c\u0430\u043b\u044b\u0445 \u0431\u0443\u0441\u0438\u043d\u0430\u0445:<\/b><\/em><\/p>\n<p style=\"margin: 0px;text-indent: 0px\" align=\"justify\">\u041c\u0430\u0440\u0438\u044f, \u041c\u0430\u0442\u0435\u0440\u044c \u041c\u0438\u043b\u043e\u0441\u0435\u0440\u0434\u0438\u044f, \u0432\u044b\u043c\u043e\u043b\u0438 \u043d\u0430\u043c \u043c\u0438\u043b\u043e\u0441\u0435\u0440\u0434\u0438\u0435 \u0443 \u0421\u044b\u043d\u0430 \u0441\u0432\u043e\u0435\u0433\u043e. (10\u00a0\u0440\u0430\u0437)<\/p>\n<p><em><b>\u0412 \u043a\u043e\u043d\u0446\u0435:<\/b><\/em><\/p>\n<p style=\"margin: 0px;text-indent: 0px\" align=\"justify\">\u0422\u044b \u0448\u0438\u0440\u043e\u043a\u043e \u0440\u0430\u0441\u043a\u0440\u044b\u0432\u0430\u0435\u0448\u044c \u043f\u0435\u0440\u0435\u0434 \u043d\u0430\u043c\u0438, \u043e \u041c\u0430\u0442\u0435\u0440\u044c \u0432\u0441\u0435\u043c\u0438\u043b\u043e\u0441\u0435\u0440\u0434\u043d\u0430\u044f, \u0441\u0432\u043e\u0438 \u043e\u0431\u044a\u044f\u0442\u0438\u044f, \u0438 \u043f\u0440\u043e\u0441\u0442\u0438\u0440\u0430\u0435\u0448\u044c \u0440\u0443\u043a\u0438, \u043f\u043e\u043b\u043d\u044b\u0435 \u0432\u0441\u044f\u0447\u0435\u0441\u043a\u0438\u0445 \u043c\u0438\u043b\u043e\u0441\u0442\u0435\u0439 \u0438 \u0434\u0430\u0440\u043e\u0432. \u0422\u0432\u043e\u0451 \u043c\u0430\u0442\u0435\u0440\u0438\u043d\u0441\u043a\u043e\u0435 \u0441\u0435\u0440\u0434\u0446\u0435 \u0436\u0435\u043b\u0430\u0435\u0442 \u043e\u0434\u0430\u0440\u0438\u0442\u044c \u043d\u0430\u0441 \u0432\u0441\u0435\u043c, \u0432 \u0447\u0451\u043c \u043c\u044b \u043d\u0443\u0436\u0434\u0430\u0435\u043c\u0441\u044f. \u041f\u0440\u0438\u043e\u0431\u043e\u0434\u0440\u0451\u043d\u043d\u044b\u0435 \u044d\u0442\u043e\u0439 \u0434\u043e\u0431\u0440\u043e\u0442\u043e\u0439, \u0441 \u0443\u043f\u043e\u0432\u0430\u043d\u0438\u0435\u043c \u043a \u0422\u0435\u0431\u0435 \u043e\u0431\u0440\u0430\u0449\u0430\u0435\u043c\u0441\u044f. \u0418\u0441\u043f\u0440\u043e\u0441\u0438 \u0434\u043b\u044f \u043d\u0430\u0441, \u043e \u041c\u0430\u0442\u0435\u0440\u044c, \u0432\u0441\u0451 \u0442\u043e, \u0447\u0442\u043e \u043d\u0430\u043c \u043d\u0443\u0436\u043d\u043e, \u0430 \u043f\u0440\u0435\u0436\u0434\u0435 \u0432\u0441\u0435\u0433\u043e \u0441\u043e\u0434\u0435\u043b\u0430\u0439 \u043c\u043e\u0433\u0443\u0449\u0435\u0441\u0442\u0432\u0435\u043d\u043d\u044b\u043c \u0441\u0432\u043e\u0438\u043c \u0437\u0430\u0441\u0442\u0443\u043f\u043d\u0438\u0447\u0435\u0441\u0442\u0432\u043e\u043c \u0442\u0430\u043a, \u0447\u0442\u043e\u0431\u044b \u043c\u044b \u0445\u0440\u0430\u043d\u0438\u043b\u0438 \u0447\u0438\u0441\u0442\u043e\u0442\u0443 \u0438 \u043d\u0435\u0432\u0438\u043d\u043d\u043e\u0441\u0442\u044c, \u0432\u0435\u0440\u043d\u043e \u0438 \u0441\u0442\u043e\u0439\u043a\u043e \u0440\u0430\u0437\u0432\u0438\u0432\u0430\u043b\u0438 \u0434\u0435\u0442\u0441\u043a\u0443\u044e \u043b\u044e\u0431\u043e\u0432\u044c \u043a \u0422\u0435\u0431\u0435, \u0430 \u0432 \u0441\u0435\u0440\u0434\u0446\u0435 \u043d\u043e\u0441\u0438\u043b\u0438 \u043e\u0431\u0440\u0430\u0437 \u0421\u0435\u0440\u0434\u0446\u0430 \u0421\u044b\u043d\u0430 \u0422\u0432\u043e\u0435\u0433\u043e. \u0414\u0430 \u0445\u0440\u0430\u043d\u0438\u0442 \u043d\u0430\u0441 \u044d\u0442\u043e \u0421\u0435\u0440\u0434\u0446\u0435, \u0434\u0430 \u043d\u0430\u043f\u0440\u0430\u0432\u043b\u044f\u0435\u0442 \u043d\u0430\u0441 \u0438 \u043f\u0440\u0438\u0432\u0435\u0434\u0451\u0442 \u043a \u0441\u0432\u0435\u0442\u0443 \u0432\u0435\u0447\u043d\u043e\u043c\u0443. \u0410\u043c\u0438\u043d\u044c.<\/p>\n<p style=\"margin: 0px;text-indent: 0px\" align=\"justify\">______________________________<\/p>\n<p style=\"margin: 0px;text-indent: 0px\" align=\"justify\">\u041f\u0435\u0440\u0435\u0432\u043e\u0434 \u043f\u043e \u0438\u0437\u0434\u0430\u043d\u0438\u044e: <i style=\"font-weight: normal\">Jezu<\/i><i style=\"font-weight: normal\">, ufam<\/i><i style=\"font-weight: normal\"> Tobie<\/i><i style=\"font-weight: normal\">. Modlitewnik Zgromadzenia Si\u00f3str Matki Bo\u017cej Mi\u0142osierdzia, <\/i>\u0412\u0430\u0440\u0448\u0430\u0432\u0430 1986, \u0441.75-76.<\/p>\n<p align=\"justify\"><a href=\"https:\/\/xn--80aaxusgfg.com\/?page_id=221\">\u0411\u043e\u0436\u044c\u044f \u041c\u0430\u0442\u0435\u0440\u044c \u041c\u0438\u043b\u043e\u0441\u0435\u0440\u0434\u0438\u044f\/\u041b\u0438\u0442\u0443\u0440\u0433\u0438\u044f \u0438 \u043c\u043e\u043b\u0438\u0442\u0432\u044b<\/a><\/p>\n","protected":false},"excerpt":{"rendered":"<p>(\u0441\u043e\u0441\u0442\u043e\u0438\u0442 \u0438\u0437 \u0442\u0440\u0451\u0445 \u0434\u0435\u0441\u044f\u0442\u043a\u043e\u0432) \u0412 \u043d\u0430\u0447\u0430\u043b\u0435: \u0421\u043b\u0430\u0432\u044c\u0441\u044f, \u0426\u0430\u0440\u0438\u0446\u0430, \u041c\u0430\u0442\u0435\u0440\u044c \u043c\u0438\u043b\u043e\u0441\u0435\u0440\u0434\u0438\u044f, \u0436\u0438\u0437\u043d\u044c, \u043e\u0442\u0440\u0430\u0434\u0430 \u0438 \u043d\u0430\u0434\u0435\u0436\u0434\u0430 \u043d\u0430\u0448\u0430, \u0441\u043b\u0430\u0432\u044c\u0441\u044f. \u041a \u0422\u0435\u0431\u0435 \u0432\u0437\u044b\u0432\u0430\u0435\u043c \u0432 \u0438\u0437\u0433\u043d\u0430\u043d\u0438\u0438, \u0447\u0430\u0434\u0430 \u0415\u0432\u044b, \u043a \u0422\u0435\u0431\u0435 \u0432\u043e\u0437\u0434\u044b\u0445\u0430\u0435\u043c, \u0441\u0442\u0435\u043d\u0430\u044f \u0438 \u043f\u043b\u0430\u0447\u0430 \u0432 \u044d\u0442\u043e\u0439 \u0434\u043e\u043b\u0438\u043d\u0435 \u0441\u043b\u0451\u0437. \u041e \u0417\u0430\u0441\u0442\u0443\u043f\u043d\u0438\u0446\u0430 \u043d\u0430\u0448\u0430! \u041a \u043d\u0430\u043c \u0443\u0441\u0442\u0440\u0435\u043c\u0438 \u0422\u0432\u043e\u0435\u0433\u043e \u043c\u0438\u043b\u043e\u0441\u0435\u0440\u0434\u0438\u044f \u0432\u0437\u043e\u0440\u044b, \u0438 \u0418\u0438\u0441\u0443\u0441\u0430, \u0431\u043b\u0430\u0433\u043e\u0441\u043b\u043e\u0432\u0435\u043d\u043d\u044b\u0439 \u043f\u043b\u043e\u0434 \u0447\u0440\u0435\u0432\u0430 \u0422\u0432\u043e\u0435\u0433\u043e, \u044f\u0432\u0438 \u043d\u0430\u043c \u043f\u043e\u0441\u043b\u0435 \u044d\u0442\u043e\u0433\u043e \u0438\u0437\u0433\u043d\u0430\u043d\u0438\u044f. \u041e \u043a\u0440\u043e\u0442\u043e\u0441\u0442\u044c, [&hellip;]<\/p>\n","protected":false},"author":1,"featured_media":0,"parent":0,"menu_order":0,"comment_status":"closed","ping_status":"closed","template":"","meta":{"footnotes":""},"categories":[18],"tags":[],"class_list":["post-392","page","type-page","status-publish","hentry","category-18"],"_links":{"self":[{"href":"https:\/\/xn--80aaxusgfg.com\/index.php?rest_route=\/wp\/v2\/pages\/392","targetHints":{"allow":["GET"]}}],"collection":[{"href":"https:\/\/xn--80aaxusgfg.com\/index.php?rest_route=\/wp\/v2\/pages"}],"about":[{"href":"https:\/\/xn--80aaxusgfg.com\/index.php?rest_route=\/wp\/v2\/types\/page"}],"author":[{"embeddable":true,"href":"https:\/\/xn--80aaxusgfg.com\/index.php?rest_route=\/wp\/v2\/users\/1"}],"replies":[{"embeddable":true,"href":"https:\/\/xn--80aaxusgfg.com\/index.php?rest_route=%2Fwp%2Fv2%2Fcomments&post=392"}],"version-history":[{"count":10,"href":"https:\/\/xn--80aaxusgfg.com\/index.php?rest_route=\/wp\/v2\/pages\/392\/revisions"}],"predecessor-version":[{"id":10936,"href":"https:\/\/xn--80aaxusgfg.com\/index.php?rest_route=\/wp\/v2\/pages\/392\/revisions\/10936"}],"wp:attachment":[{"href":"https:\/\/xn--80aaxusgfg.com\/index.php?rest_route=%2Fwp%2Fv2%2Fmedia&parent=392"}],"wp:term":[{"taxonomy":"category","embeddable":true,"href":"https:\/\/xn--80aaxusgfg.com\/index.php?rest_route=%2Fwp%2Fv2%2Fcategories&post=392"},{"taxonomy":"post_tag","embeddable":true,"href":"https:\/\/xn--80aaxusgfg.com\/index.php?rest_route=%2Fwp%2Fv2%2Ftags&post=392"}],"curies":[{"name":"wp","href":"https:\/\/api.w.org\/{rel}","templated":true}]}}