



{"id":10190,"date":"2022-09-04T17:42:16","date_gmt":"2022-09-04T15:42:16","guid":{"rendered":"https:\/\/xn--80aaxusgfg.com\/?page_id=10190"},"modified":"2022-09-05T19:46:35","modified_gmt":"2022-09-05T17:46:35","slug":"moje-godziny-w-koronce-za-konajacych-2","status":"publish","type":"page","link":"https:\/\/xn--80aaxusgfg.com\/?page_id=10190","title":{"rendered":"\u041c\u043e\u0435 \u0432\u0440\u0435\u043c\u044f \u0431\u0434\u0435\u043d\u0438\u044f \u0432 &quot;\u0412\u0435\u043d\u0447\u0438\u043a\u0435 \u0437\u0430 \u0443\u043c\u0438\u0440\u0430\u044e\u0449\u0438\u0445&quot;"},"content":{"rendered":"<p>\u0412\u0432\u0435\u0434\u0438\u0442\u0435 \u0441\u0432\u043e\u0439 \u0430\u0434\u0440\u0435\u0441 \u044d\u043b\u0435\u043a\u0442\u0440\u043e\u043d\u043d\u043e\u0439 \u043f\u043e\u0447\u0442\u044b, \u0447\u0442\u043e\u0431\u044b \u043f\u043e\u043b\u0443\u0447\u0430\u0442\u044c \u0438\u043d\u0444\u043e\u0440\u043c\u0430\u0446\u0438\u044e \u043e \u0412\u0430\u0448\u0435\u043c \u0432\u0440\u0435\u043c\u0435\u043d\u0438 \u0431\u0434\u0435\u043d\u0438\u044f \u0432 \u0434\u0435\u043b\u0435 \u00ab\u0412\u0435\u043d\u0447\u0438\u043a \u0437\u0430 \u0443\u043c\u0438\u0440\u0430\u044e\u0449\u0438\u0445\u00bb.<\/p>\n<style type=\"text\/css\">#nex-forms{display:none;}<\/style><script type=\"text\/javascript\">\r\nif(typeof jQuery !== \"undefined\") {\r\n    jQuery(document).ready(function(){\r\n        jQuery(\"#nex-forms\").show().css(\"visibility\",\"visible\");\r\n    });\r\n} else {\r\n    document.addEventListener(\"DOMContentLoaded\", function(){\r\n        var forms = document.querySelectorAll(\"#nex-forms\");\r\n        forms.forEach(function(form){ form.style.display = \"block\"; form.style.visibility = \"visible\"; });\r\n    });\r\n}\r\n<\/script><div id=\"nf_form_47592\">\r\n\t\t\t\r\n\t\t\t<style type=\"text\/css\">\r\n\t\t\t\r\n\t\t\t\t#nex-forms.na_jakie_godziny_jestem_zapisany\/-a .nf-loader-lds-spinner div:after {background: #40C4FF; }\r\n\t\t\t\t#nex-forms.na_jakie_godziny_jestem_zapisany\/-a .nf-loader-lds-grid div {background: #40C4FF; }\r\n\t\t\t\t#nex-forms.na_jakie_godziny_jestem_zapisany\/-a .nf-loader-lds-ellipsis div { background: #40C4FF;}\r\n\t\t\t\t#nex-forms.na_jakie_godziny_jestem_zapisany\/-a .nf-loader-lds-default div {background: #40C4FF;}\r\n\t\t\t\t#nex-forms.na_jakie_godziny_jestem_zapisany\/-a .nf-loader-lds-roller div:after {background: #40C4FF;}\r\n\t\t\t\t#nex-forms.na_jakie_godziny_jestem_zapisany\/-a .nf-loader-lds-heart div,\r\n\t\t\t\t#nex-forms.na_jakie_godziny_jestem_zapisany\/-a .nf-loader-lds-heart div:after,\r\n\t\t\t\t#nex-forms.na_jakie_godziny_jestem_zapisany\/-a .nf-loader-lds-heart div:before {background: #40C4FF;}\r\n\t\r\n\t\t\t\t\r\n\t\t\t\t#nex-forms.na_jakie_godziny_jestem_zapisany\/-a .nf-loader-lds-facebook div {background: #40C4FF;}\r\n\t\t\t\t#nex-forms.na_jakie_godziny_jestem_zapisany\/-a .nf-loader-lds-circle > div {background: #40C4FF;}\r\n\t\t\t\t\r\n\t\t\t\t#nex-forms.na_jakie_godziny_jestem_zapisany\/-a .nf-loader-lds-dual-ring:after {border: 6px solid #40C4FF;border-color: #40C4FF transparent #40C4FF transparent;}\r\n\t\t\t\t#nex-forms.na_jakie_godziny_jestem_zapisany\/-a .nf-loader-lds-ring div {border: 8px solid #40C4FF;border-color: #40C4FF transparent transparent transparent;}\r\n\t\t\t\t#nex-forms.na_jakie_godziny_jestem_zapisany\/-a .nf-loader-lds-hourglass:after {border: 32px solid #40C4FF;border-color: #40C4FF transparent #40C4FF transparent;}\r\n\t\t\t\t#nex-forms.na_jakie_godziny_jestem_zapisany\/-a .nf-loader-lds-ripple div {border: 4px solid #40C4FF;}\r\n\t\t\t<\/style>\r\n\t\t\t\r\n\t\t\t\r\n\t\t\t<div id=\"nex-forms\" data-loader=\"ellipsis\" data-msg-hide-form=\"yes\" data-msg-position=\"top\" data-msg-placement=\"outside\"  class=\"nex-forms na_jakie_godziny_jestem_zapisany\/-a  \"><div class=\"pre_fill_fields\"><input type=\"hidden\" name=\"rest_route\"  data-original-value=\"\/wp\/v2\/pages\/10190\" value=\"\/wp\/v2\/pages\/10190\"><\/div><div class=\"set_form_theme theme-base\"><div class=\"nex_success_message msg_top msgv2 animated hidden\" style=\"display:none;\"><div class=\"nex_success_message_container\" style=\"background: #fff; box-shadow: #00000033 0px 7px 16px 0px; border-radius: 4px; padding: 30px; border-color:#ddd;\"><div class=\"msg_text\"><div class=\"form_field all_fields icon html_fields wow bounceInUp\" style=\"margin-bottom: 15px\" id=\"_21501\" data-animation-name=\"bounceInUp\">\n\t\t\t\t\t\t\t  <div class=\"edit_mask\"><\/div>\n\t\t\t\t\t\t\t  \n\t\t\t\t\t\t\t\t<div class=\"icon_container_wrapper icon_center\">\n\t\t\t\t\t\t\t\t  <div class=\"icon_container\" id=\"field_container\" style=\"border-width: 0px;background-color: transparent\">\n\t\t\t\t\t\t\t\t\t<div class=\"\">\n\t\t\t\t\t\t\t\t\t  <div class=\"input_container\">\n\t\t\t\t\t\t\t\t\t\t<div class=\"the_input_element icon_element\" style=\"font-size: 50px;color: #8bc34a\"><span class=\"fas fa-check-circle\"><\/span><\/div>\n\t\t\t\t\t\t\t\t\t  <\/div>\n\t\t\t\t\t\t\t\t\t<\/div>\n\t\t\t\t\t\t\t\t  <\/div>\n\t\t\t\t\t\t\t\t  \n\t\t\t\t\t\t\t\t<\/div>\n\t\t\t\t\t\t\t  \n\t\t\t\t\t\t\t<\/div>\n\t\t\t\t\t\t\t<div class=\"form_field all_fields html html_fields wow fadeInDown\" style=\"margin-bottom: 15px\" data-animation-name=\"fadeInDown\" data-wow-delay=\"0.5s\" id=\"_59539\">\n\t\t\t\t\t\t\t  <div class=\"edit_mask\"><\/div>\n\t\t\t\t\t\t\t  \n\t\t\t\t\t\t\t\t<div class=\"row\">\n\t\t\t\t\t\t\t\t  <div class=\"col-sm-12\" id=\"field_container\">\n\t\t\t\t\t\t\t\t\t<div class=\"row\">\n\t\t\t\t\t\t\t\t\t  <div class=\"col-sm-12 input_container\">\n\t\t\t\t\t\t\t\t\t\t<div class=\"the_input_element align_center\" data-math-equation=\"\" data-original-math-equation=\"\" data-decimal-places=\"0\"><i>Pr\u0119dzej niebo i ziemia obr\u00f3ci\u0142yby si\u0119 w nico\u015b\u0107, ani\u017celiby dusz\u0119 ufaj\u0105c\u0105 nie ogarn\u0119\u0142o mi\u0142osierdzie Moje.\n<\/i>S\u0142owa Pana Jezusa (Dz.1777)\n\n<b>Odbierz od nas poczt\u0119 e-mailow\u0105 i potwierd\u017a zg\u0142oszenie.<\/b>\n\n<i>Siostry ze Zgromadzenia Matki Bo\u017cej Mi\u0142osierdzia<\/i><\/div>\n\t\t\t\t\t\t\t\t\t\t<div style=\"clear:both\"><\/div>\n\t\t\t\t\t\t\t\t\t  <\/div>\n\t\t\t\t\t\t\t\t\t<\/div>\n\t\t\t\t\t\t\t\t  <\/div>\n\t\t\t\t\t\t\t\t  \n\t\t\t\t\t\t\t\t<\/div>\n\t\t\t\t\t\t\t  \n\t\t\t\t\t\t\t<\/div><\/div><\/div><\/div><div data-timer-start=\"1\" data-timer-end=\"0\" class=\"inner-canvas-container ui-nex-forms-container ui-nex-forms-container-fe  bootstrap\" id=\"ui-nex-forms-container-17\"  ><div class=\"current_step\" style=\"display:none;\">1<\/div><div class=\"last_visited_step\" style=\"display:none;\">1<\/div><div class=\"nex-forms-header-footer nex-forms-header timer_inline timer_right \"><\/div><div id=\"the_plugin_url\" style=\"display:none;\">https:\/\/xn--80aaxusgfg.com\/wp-content\/plugins\/nex-forms<\/div><div id=\"nf_save_form_progress\" style=\"display:none;\">false<\/div><div id=\"confirmation_page\" class=\"confirmation_page\" style=\"display:none;\">https:\/\/xn--80aaxusgfg.com\/?page_id=10187<\/div><div id=\"on_form_submmision\" class=\"on_form_submmision\" style=\"display:none;\">redirect<\/div><div class=\"hidden\" id=\"nf_ajax_url\" style=\"display:none;\">https:\/\/xn--80aaxusgfg.com\/wp-admin\/admin-ajax.php<\/div><div class=\"hidden\" id=\"paypal_return_url\" style=\"display:none;\">https:\/\/xn--80aaxusgfg.com<\/div><div class=\"hidden\" id=\"ms_scroll_to_top\" style=\"display:none;\">yes<\/div><div class=\"v7_container form_type_normal   \" style=\"width: 100%;\"><div class=\"current_field_on_focus\" style=\"display:none\">1<\/div><form id=\"17\" class=\"send-nex-form nex-forms-17\" data-form-id=\"17\" name=\"nex_form\" action=\"https:\/\/xn--80aaxusgfg.com\/?page_id=10187\" method=\"post\" enctype=\"multipart\/form-data\"><div class=\"step_transition_in\" style=\"display:none;\">fadeIn<\/div><div class=\"step_transition_out\" style=\"display:none;\">fadeOut<\/div><input type=\"hidden\" name=\"nex_forms_Id\" value=\"17\"><input type=\"hidden\" name=\"ip\" value=\"216.73.217.69\"><input type=\"hidden\" name=\"nf_page_id\" value=\"10190\"><input type=\"hidden\" name=\"nf_page_title\" value=\"\u041c\u043e\u0435 \u0432\u0440\u0435\u043c\u044f \u0431\u0434\u0435\u043d\u0438\u044f \u0432 &quot;\u0412\u0435\u043d\u0447\u0438\u043a\u0435 \u0437\u0430 \u0443\u043c\u0438\u0440\u0430\u044e\u0449\u0438\u0445&quot;\"><input type=\"text\" name=\"company_url\" value=\"\" placeholder=\"enter company url\" class=\"form-control req\">\n\t\t\t\t\t\t\t<div class=\"form_field hidden\" id=\"_28486\">\n\t\t\t\t\t\t\t\t<input class=\"ms_current_step\" value=\"1\" name=\"ms_current_step\" type=\"hidden\">\n\t\t\t\t\t\t\t<\/div>\n\t\t\t\t\t\t\t<div class=\"form_field all_fields email email preset_fields required\" id=\"_14160\"><div class=\"row\"><div class=\"col-sm-12\" id=\"field_container\"><div class=\"row\"><div class=\"col-sm-12  label_container align_let\"><label class=\"nf_title text-sm\"><span class=\"the_label style_bold\" style=\"color: #000000\">*\u041f\u0440\u0435\u0434\u0441\u0442\u0430\u0432\u0438\u0442\u044c \u0444\u043e\u0440\u043c\u0443<\/span><\/label><\/div><div class=\"col-sm-12  input_container\"><input type=\"text\" name=\"email\" class=\"error_message required email form-control the_input_element  aling_left\" data-onfocus-color=\"#66AFE9\" data-drop-focus-swadow=\"1\" data-placement=\"bottom\" data-content=\"Adres email jest wymagany\" title=\"\" data-secondary-message=\"Adres jest niepoprawny\" id=\"\"><\/div><\/div><\/div><\/div><\/div><div class=\"form_field all_fields submit-button the_submit button_fields common_fields preset_fields special_fields selection_fields\" id=\"_27813\"><div class=\"row\"><div class=\"col-sm-12\" id=\"field_container\"><div class=\"row\"><div class=\"col-sm-12 input_container\"><button class=\"nex-submit svg_ready the_input_element btn btn-default\">\u041e\u0442\u043f\u0440\u0430\u0432\u043b\u044f\u0442\u044c<\/button><\/div><\/div><\/div><\/div><\/div><\/form><\/div><\/div><\/div><\/div><\/div><style type=\"text\/css\" class=\"nex-forms-custom-css\"><\/style>\n","protected":false},"excerpt":{"rendered":"<p>\u0412\u0432\u0435\u0434\u0438\u0442\u0435 \u0441\u0432\u043e\u0439 \u0430\u0434\u0440\u0435\u0441 \u044d\u043b\u0435\u043a\u0442\u0440\u043e\u043d\u043d\u043e\u0439 \u043f\u043e\u0447\u0442\u044b, \u0447\u0442\u043e\u0431\u044b \u043f\u043e\u043b\u0443\u0447\u0430\u0442\u044c \u0438\u043d\u0444\u043e\u0440\u043c\u0430\u0446\u0438\u044e \u043e \u0412\u0430\u0448\u0435\u043c \u0432\u0440\u0435\u043c\u0435\u043d\u0438 \u0431\u0434\u0435\u043d\u0438\u044f \u0432 \u0434\u0435\u043b\u0435 \u00ab\u0412\u0435\u043d\u0447\u0438\u043a \u0437\u0430 \u0443\u043c\u0438\u0440\u0430\u044e\u0449\u0438\u0445\u00bb.<\/p>\n","protected":false},"author":1,"featured_media":0,"parent":0,"menu_order":0,"comment_status":"closed","ping_status":"closed","template":"","meta":{"footnotes":""},"categories":[99],"tags":[],"class_list":["post-10190","page","type-page","status-publish","hentry","category-koronka-za-konajacych"],"_links":{"self":[{"href":"https:\/\/xn--80aaxusgfg.com\/index.php?rest_route=\/wp\/v2\/pages\/10190","targetHints":{"allow":["GET"]}}],"collection":[{"href":"https:\/\/xn--80aaxusgfg.com\/index.php?rest_route=\/wp\/v2\/pages"}],"about":[{"href":"https:\/\/xn--80aaxusgfg.com\/index.php?rest_route=\/wp\/v2\/types\/page"}],"author":[{"embeddable":true,"href":"https:\/\/xn--80aaxusgfg.com\/index.php?rest_route=\/wp\/v2\/users\/1"}],"replies":[{"embeddable":true,"href":"https:\/\/xn--80aaxusgfg.com\/index.php?rest_route=%2Fwp%2Fv2%2Fcomments&post=10190"}],"version-history":[{"count":3,"href":"https:\/\/xn--80aaxusgfg.com\/index.php?rest_route=\/wp\/v2\/pages\/10190\/revisions"}],"predecessor-version":[{"id":10201,"href":"https:\/\/xn--80aaxusgfg.com\/index.php?rest_route=\/wp\/v2\/pages\/10190\/revisions\/10201"}],"wp:attachment":[{"href":"https:\/\/xn--80aaxusgfg.com\/index.php?rest_route=%2Fwp%2Fv2%2Fmedia&parent=10190"}],"wp:term":[{"taxonomy":"category","embeddable":true,"href":"https:\/\/xn--80aaxusgfg.com\/index.php?rest_route=%2Fwp%2Fv2%2Fcategories&post=10190"},{"taxonomy":"post_tag","embeddable":true,"href":"https:\/\/xn--80aaxusgfg.com\/index.php?rest_route=%2Fwp%2Fv2%2Ftags&post=10190"}],"curies":[{"name":"wp","href":"https:\/\/api.w.org\/{rel}","templated":true}]}}